{"id":45359,"date":"2026-02-24T11:36:26","date_gmt":"2026-02-24T10:36:26","guid":{"rendered":"https:\/\/imprimeideas.es\/?post_type=product&p=45359"},"modified":"2026-02-26T18:37:32","modified_gmt":"2026-02-26T17:37:32","slug":"tocadiscos-reproductor-vinilux","status":"publish","type":"product","link":"https:\/\/imprimeideas.es\/en\/product\/tocadiscos-reproductor-vinilux\/","title":{"rendered":"Tocadiscos Reproductor Vinilux"},"content":{"rendered":"<p>Tocadiscos port\u00e1til presentado en un malet\u00edn fabricado en madera natural, con cierre de seguridad y asa de transporte. Compatible con discos de 33, 45 y 78 RPM y con adaptador central para singles de 7?. Brazo recto, con funci\u00f3n de recogida autom\u00e1tica cuando llega al final de cada cara del disco y funda protectora para la aguja cuando no se est\u00e1 usando. Conexi\u00f3n por Bluetooth@ y altavoces est\u00e9reo integrados de 3W de potencia, con funci\u00f3n reproductor para conectar una memoria USB. Adem\u00e1s, ofrece la posibilidad de digitalizar los discos de vinilo de manera sencilla. Salida est\u00e9reo RCA para conectar a dispositivos de sonido externos y bot\u00f3n ON\/OFF con control de volumen. Incluye una bater\u00eda interna de 1.200 mAh, pudiendo usarse en cualquier lugar sin necesidad de conectarlo a la red (cable de carga incluido). Viene en caja individual de dise\u00f1o kraft, con manual de instrucciones en espa\u00f1ol e ingl\u00e9s.<\/p>","protected":false},"excerpt":{"rendered":"<p>Conexi\u00f3n Bluetooth. Potencia Sonido 3Wx2. Bater\u00eda 1200 mAh<\/p>","protected":false},"featured_media":77268,"comment_status":"open","ping_status":"open","template":"","meta":{"inline_featured_image":false},"product_brand":[],"product_cat":[122,104,95],"product_tag":[],"class_list":{"0":"post-45359","1":"product","2":"type-product","3":"status-publish","4":"has-post-thumbnail","6":"product_cat-articulos-sostenibles","7":"product_cat-hogar-y-decoracion","8":"product_cat-tecnologia-y-accesorios","10":"first","11":"outofstock","12":"taxable","13":"shipping-taxable","14":"purchasable","15":"product-type-variable","16":"has-default-attributes"},"aioseo_notices":[],"_links":{"self":[{"href":"https:\/\/imprimeideas.es\/en\/wp-json\/wp\/v2\/product\/45359","targetHints":{"allow":["GET"]}}],"collection":[{"href":"https:\/\/imprimeideas.es\/en\/wp-json\/wp\/v2\/product"}],"about":[{"href":"https:\/\/imprimeideas.es\/en\/wp-json\/wp\/v2\/types\/product"}],"replies":[{"embeddable":true,"href":"https:\/\/imprimeideas.es\/en\/wp-json\/wp\/v2\/comments?post=45359"}],"version-history":[{"count":1,"href":"https:\/\/imprimeideas.es\/en\/wp-json\/wp\/v2\/product\/45359\/revisions"}],"predecessor-version":[{"id":55761,"href":"https:\/\/imprimeideas.es\/en\/wp-json\/wp\/v2\/product\/45359\/revisions\/55761"}],"wp:featuredmedia":[{"embeddable":true,"href":"https:\/\/imprimeideas.es\/en\/wp-json\/wp\/v2\/media\/77268"}],"wp:attachment":[{"href":"https:\/\/imprimeideas.es\/en\/wp-json\/wp\/v2\/media?parent=45359"}],"wp:term":[{"taxonomy":"product_brand","embeddable":true,"href":"https:\/\/imprimeideas.es\/en\/wp-json\/wp\/v2\/product_brand?post=45359"},{"taxonomy":"product_cat","embeddable":true,"href":"https:\/\/imprimeideas.es\/en\/wp-json\/wp\/v2\/product_cat?post=45359"},{"taxonomy":"product_tag","embeddable":true,"href":"https:\/\/imprimeideas.es\/en\/wp-json\/wp\/v2\/product_tag?post=45359"}],"curies":[{"name":"wp","href":"https:\/\/api.w.org\/{rel}","templated":true}]}}