{"id":45357,"date":"2026-02-24T11:36:26","date_gmt":"2026-02-24T10:36:26","guid":{"rendered":"https:\/\/imprimeideas.es\/?post_type=product&p=45357"},"modified":"2026-02-26T18:13:36","modified_gmt":"2026-02-26T17:13:36","slug":"marco-fotos-digital-picty","status":"publish","type":"product","link":"https:\/\/imprimeideas.es\/en\/product\/marco-fotos-digital-picty\/","title":{"rendered":"Marco Fotos Digital Picty"},"content":{"rendered":"<p>Marco de fotos digital de 10,1 pulgadas. Con pantalla t\u00e1ctil IPS de alta resoluci\u00f3n de 1280&#215;800 p\u00edxeles, conectividad WiFi, y equipado con funciones inteligentes como visualizaci\u00f3n del tiempo, alarma y reloj. Ademas incorpora un men\u00fa para explorar un mundo de posibilidades al ver videos, fotos y escuchar m\u00fasica, con opci\u00f3n de visualizaci\u00f3n en formato horizontal y vertical. Con soporte en la parte trasera y ranuras para colgar en la pared. Alimentaci\u00f3n CA 220V-240V, con cargador incluido. Presentado en caja de dise\u00f1o kraft y disponible manual de instrucciones en espa\u00f1ol e ingl\u00e9s.<\/p>","protected":false},"excerpt":{"rendered":"<p>10,1&#8243;. Wifi, 1280&#215;800 IPS. CA 220-240V<\/p>","protected":false},"featured_media":81196,"comment_status":"open","ping_status":"open","template":"","meta":{"inline_featured_image":false},"product_brand":[],"product_cat":[104,106,95],"product_tag":[],"class_list":{"0":"post-45357","1":"product","2":"type-product","3":"status-publish","4":"has-post-thumbnail","6":"product_cat-hogar-y-decoracion","7":"product_cat-regalos-y-premiums","8":"product_cat-tecnologia-y-accesorios","10":"first","11":"instock","12":"taxable","13":"shipping-taxable","14":"purchasable","15":"product-type-variable","16":"has-default-attributes"},"aioseo_notices":[],"_links":{"self":[{"href":"https:\/\/imprimeideas.es\/en\/wp-json\/wp\/v2\/product\/45357","targetHints":{"allow":["GET"]}}],"collection":[{"href":"https:\/\/imprimeideas.es\/en\/wp-json\/wp\/v2\/product"}],"about":[{"href":"https:\/\/imprimeideas.es\/en\/wp-json\/wp\/v2\/types\/product"}],"replies":[{"embeddable":true,"href":"https:\/\/imprimeideas.es\/en\/wp-json\/wp\/v2\/comments?post=45357"}],"version-history":[{"count":1,"href":"https:\/\/imprimeideas.es\/en\/wp-json\/wp\/v2\/product\/45357\/revisions"}],"predecessor-version":[{"id":55760,"href":"https:\/\/imprimeideas.es\/en\/wp-json\/wp\/v2\/product\/45357\/revisions\/55760"}],"wp:featuredmedia":[{"embeddable":true,"href":"https:\/\/imprimeideas.es\/en\/wp-json\/wp\/v2\/media\/81196"}],"wp:attachment":[{"href":"https:\/\/imprimeideas.es\/en\/wp-json\/wp\/v2\/media?parent=45357"}],"wp:term":[{"taxonomy":"product_brand","embeddable":true,"href":"https:\/\/imprimeideas.es\/en\/wp-json\/wp\/v2\/product_brand?post=45357"},{"taxonomy":"product_cat","embeddable":true,"href":"https:\/\/imprimeideas.es\/en\/wp-json\/wp\/v2\/product_cat?post=45357"},{"taxonomy":"product_tag","embeddable":true,"href":"https:\/\/imprimeideas.es\/en\/wp-json\/wp\/v2\/product_tag?post=45357"}],"curies":[{"name":"wp","href":"https:\/\/api.w.org\/{rel}","templated":true}]}}