{"id":45345,"date":"2026-02-24T11:36:24","date_gmt":"2026-02-24T10:36:24","guid":{"rendered":"https:\/\/imprimeideas.es\/?post_type=product&p=45345"},"modified":"2026-02-26T18:19:19","modified_gmt":"2026-02-26T17:19:19","slug":"camara-inteligente-deors","status":"publish","type":"product","link":"https:\/\/imprimeideas.es\/en\/product\/camara-inteligente-deors\/","title":{"rendered":"C\u00e1mara Inteligente Deors"},"content":{"rendered":"<p>C\u00e1mara de seguridad inteligente HD 360\u00b0 con soporte y fijaci\u00f3n para pared. Control y visionado remoto, conexi\u00f3n wifi, sistema de notificaciones push, captura de v\u00eddeo y audio en tiempo real, c\u00e1mara de fotos, altavoz, detector de movimiento con visi\u00f3n nocturna y alarma. Sistema de configuraci\u00f3n sencillo, con alimentaci\u00f3n AC 220V-240V. Presentada en atractiva caja de dise\u00f1o, con manual de instrucciones en espa\u00f1ol e ingl\u00e9s.<\/p>","protected":false},"excerpt":{"rendered":"<p>Wifi. CA 220-240V<\/p>","protected":false},"featured_media":85644,"comment_status":"open","ping_status":"open","template":"","meta":{"inline_featured_image":false},"product_brand":[],"product_cat":[95],"product_tag":[],"class_list":{"0":"post-45345","1":"product","2":"type-product","3":"status-publish","4":"has-post-thumbnail","6":"product_cat-tecnologia-y-accesorios","8":"first","9":"outofstock","10":"taxable","11":"shipping-taxable","12":"purchasable","13":"product-type-variable","14":"has-default-attributes"},"aioseo_notices":[],"_links":{"self":[{"href":"https:\/\/imprimeideas.es\/en\/wp-json\/wp\/v2\/product\/45345","targetHints":{"allow":["GET"]}}],"collection":[{"href":"https:\/\/imprimeideas.es\/en\/wp-json\/wp\/v2\/product"}],"about":[{"href":"https:\/\/imprimeideas.es\/en\/wp-json\/wp\/v2\/types\/product"}],"replies":[{"embeddable":true,"href":"https:\/\/imprimeideas.es\/en\/wp-json\/wp\/v2\/comments?post=45345"}],"version-history":[{"count":1,"href":"https:\/\/imprimeideas.es\/en\/wp-json\/wp\/v2\/product\/45345\/revisions"}],"predecessor-version":[{"id":55756,"href":"https:\/\/imprimeideas.es\/en\/wp-json\/wp\/v2\/product\/45345\/revisions\/55756"}],"wp:featuredmedia":[{"embeddable":true,"href":"https:\/\/imprimeideas.es\/en\/wp-json\/wp\/v2\/media\/85644"}],"wp:attachment":[{"href":"https:\/\/imprimeideas.es\/en\/wp-json\/wp\/v2\/media?parent=45345"}],"wp:term":[{"taxonomy":"product_brand","embeddable":true,"href":"https:\/\/imprimeideas.es\/en\/wp-json\/wp\/v2\/product_brand?post=45345"},{"taxonomy":"product_cat","embeddable":true,"href":"https:\/\/imprimeideas.es\/en\/wp-json\/wp\/v2\/product_cat?post=45345"},{"taxonomy":"product_tag","embeddable":true,"href":"https:\/\/imprimeideas.es\/en\/wp-json\/wp\/v2\/product_tag?post=45345"}],"curies":[{"name":"wp","href":"https:\/\/api.w.org\/{rel}","templated":true}]}}