{"id":45328,"date":"2026-02-24T11:36:23","date_gmt":"2026-02-24T10:36:23","guid":{"rendered":"https:\/\/imprimeideas.es\/?post_type=product&p=45328"},"modified":"2026-02-26T18:33:07","modified_gmt":"2026-02-26T17:33:07","slug":"llavero-petaca-deneb","status":"publish","type":"product","link":"https:\/\/imprimeideas.es\/en\/product\/llavero-petaca-deneb\/","title":{"rendered":"Llavero Petaca Deneb"},"content":{"rendered":"<p>Pr\u00e1ctico llavero petaca fabricado en acero inox, de 30 ml de capacidad. Tap\u00f3n con cierre de seguridad a rosca y mosquet\u00f3n giratorio. Presentado en caja de dise\u00f1o kraft.<\/p>","protected":false},"excerpt":{"rendered":"<p>30 ml<\/p>","protected":false},"featured_media":79770,"comment_status":"open","ping_status":"open","template":"","meta":{"inline_featured_image":false},"product_brand":[],"product_cat":[106,105],"product_tag":[],"class_list":{"0":"post-45328","1":"product","2":"type-product","3":"status-publish","4":"has-post-thumbnail","6":"product_cat-regalos-y-premiums","7":"product_cat-vino-accesorios-de-bebida-y-hosteleria","9":"first","10":"instock","11":"taxable","12":"shipping-taxable","13":"purchasable","14":"product-type-variable","15":"has-default-attributes"},"aioseo_notices":[],"_links":{"self":[{"href":"https:\/\/imprimeideas.es\/en\/wp-json\/wp\/v2\/product\/45328","targetHints":{"allow":["GET"]}}],"collection":[{"href":"https:\/\/imprimeideas.es\/en\/wp-json\/wp\/v2\/product"}],"about":[{"href":"https:\/\/imprimeideas.es\/en\/wp-json\/wp\/v2\/types\/product"}],"replies":[{"embeddable":true,"href":"https:\/\/imprimeideas.es\/en\/wp-json\/wp\/v2\/comments?post=45328"}],"version-history":[{"count":1,"href":"https:\/\/imprimeideas.es\/en\/wp-json\/wp\/v2\/product\/45328\/revisions"}],"predecessor-version":[{"id":55750,"href":"https:\/\/imprimeideas.es\/en\/wp-json\/wp\/v2\/product\/45328\/revisions\/55750"}],"wp:featuredmedia":[{"embeddable":true,"href":"https:\/\/imprimeideas.es\/en\/wp-json\/wp\/v2\/media\/79770"}],"wp:attachment":[{"href":"https:\/\/imprimeideas.es\/en\/wp-json\/wp\/v2\/media?parent=45328"}],"wp:term":[{"taxonomy":"product_brand","embeddable":true,"href":"https:\/\/imprimeideas.es\/en\/wp-json\/wp\/v2\/product_brand?post=45328"},{"taxonomy":"product_cat","embeddable":true,"href":"https:\/\/imprimeideas.es\/en\/wp-json\/wp\/v2\/product_cat?post=45328"},{"taxonomy":"product_tag","embeddable":true,"href":"https:\/\/imprimeideas.es\/en\/wp-json\/wp\/v2\/product_tag?post=45328"}],"curies":[{"name":"wp","href":"https:\/\/api.w.org\/{rel}","templated":true}]}}