{"id":45326,"date":"2026-02-24T11:36:22","date_gmt":"2026-02-24T10:36:22","guid":{"rendered":"https:\/\/imprimeideas.es\/?post_type=product&p=45326"},"modified":"2026-02-26T18:23:27","modified_gmt":"2026-02-26T17:23:27","slug":"llavero-pradim","status":"publish","type":"product","link":"https:\/\/imprimeideas.es\/en\/product\/llavero-pradim\/","title":{"rendered":"Llavero Pradim"},"content":{"rendered":"<p>Llavero ecol\u00f3gico fabricado en bamb\u00fa y con cord\u00f3n en algod\u00f3n. Incluye una pieza redonda especial para marcaje y un mosquet\u00f3n giratorio met\u00e1lico. Presentado individualmente en bolsa de papel reciclado.Materiales como el bamb\u00fa fomentan la utilizaci\u00f3n de materias primas naturales, reduciendo las emisiones contaminantes. Proviene de una planta de gran resistencia y versatilidad, con crecimiento y regeneraci\u00f3n r\u00e1pidos, siendo una excelente alternativa al uso de madera tradicional.<\/p>","protected":false},"excerpt":{"rendered":"<p>Llavero ecol\u00f3gico fabricado en bamb\u00fa y con cord\u00f3n en algod\u00f3n. Incluye una pieza redonda especial para marcaje y un mosquet\u00f3n<\/p>","protected":false},"featured_media":86052,"comment_status":"open","ping_status":"open","template":"","meta":{"inline_featured_image":false},"product_brand":[],"product_cat":[122,106],"product_tag":[],"class_list":{"0":"post-45326","1":"product","2":"type-product","3":"status-publish","4":"has-post-thumbnail","6":"product_cat-articulos-sostenibles","7":"product_cat-regalos-y-premiums","9":"first","10":"instock","11":"taxable","12":"shipping-taxable","13":"purchasable","14":"product-type-variable","15":"has-default-attributes"},"aioseo_notices":[],"_links":{"self":[{"href":"https:\/\/imprimeideas.es\/en\/wp-json\/wp\/v2\/product\/45326","targetHints":{"allow":["GET"]}}],"collection":[{"href":"https:\/\/imprimeideas.es\/en\/wp-json\/wp\/v2\/product"}],"about":[{"href":"https:\/\/imprimeideas.es\/en\/wp-json\/wp\/v2\/types\/product"}],"replies":[{"embeddable":true,"href":"https:\/\/imprimeideas.es\/en\/wp-json\/wp\/v2\/comments?post=45326"}],"version-history":[{"count":1,"href":"https:\/\/imprimeideas.es\/en\/wp-json\/wp\/v2\/product\/45326\/revisions"}],"predecessor-version":[{"id":55749,"href":"https:\/\/imprimeideas.es\/en\/wp-json\/wp\/v2\/product\/45326\/revisions\/55749"}],"wp:featuredmedia":[{"embeddable":true,"href":"https:\/\/imprimeideas.es\/en\/wp-json\/wp\/v2\/media\/86052"}],"wp:attachment":[{"href":"https:\/\/imprimeideas.es\/en\/wp-json\/wp\/v2\/media?parent=45326"}],"wp:term":[{"taxonomy":"product_brand","embeddable":true,"href":"https:\/\/imprimeideas.es\/en\/wp-json\/wp\/v2\/product_brand?post=45326"},{"taxonomy":"product_cat","embeddable":true,"href":"https:\/\/imprimeideas.es\/en\/wp-json\/wp\/v2\/product_cat?post=45326"},{"taxonomy":"product_tag","embeddable":true,"href":"https:\/\/imprimeideas.es\/en\/wp-json\/wp\/v2\/product_tag?post=45326"}],"curies":[{"name":"wp","href":"https:\/\/api.w.org\/{rel}","templated":true}]}}