{"id":45316,"date":"2026-02-24T11:36:21","date_gmt":"2026-02-24T10:36:21","guid":{"rendered":"https:\/\/imprimeideas.es\/?post_type=product&p=45316"},"modified":"2026-02-26T18:23:22","modified_gmt":"2026-02-26T17:23:22","slug":"llavero-arixon","status":"publish","type":"product","link":"https:\/\/imprimeideas.es\/en\/product\/llavero-arixon\/","title":{"rendered":"Llavero Arixon"},"content":{"rendered":"<p>Elegante llavero fabricado en bamb\u00fa y metal cromado. Con amplia superficie de marcaje y disponible en formato rectangular o redondo. Especialmente dise\u00f1ado para grabado a l\u00e1ser. Presentado en bolsa de papel reciclado. Materiales como el bamb\u00fa fomentan la utilizaci\u00f3n de materias primas naturales, reduciendo las emisiones contaminantes. Proviene de una planta de gran resistencia y versatilidad, con crecimiento y regeneraci\u00f3n r\u00e1pidos, siendo una excelente alternativa al uso de madera tradicional.<\/p>","protected":false},"excerpt":{"rendered":"<p>Elegante llavero fabricado en bamb\u00fa y metal cromado. Con amplia superficie de marcaje y disponible en formato rectangular o redondo.<\/p>","protected":false},"featured_media":74034,"comment_status":"open","ping_status":"open","template":"","meta":{"inline_featured_image":false},"product_brand":[],"product_cat":[122,106],"product_tag":[],"class_list":{"0":"post-45316","1":"product","2":"type-product","3":"status-publish","4":"has-post-thumbnail","6":"product_cat-articulos-sostenibles","7":"product_cat-regalos-y-premiums","9":"first","10":"instock","11":"taxable","12":"shipping-taxable","13":"purchasable","14":"product-type-variable","15":"has-default-attributes"},"aioseo_notices":[],"_links":{"self":[{"href":"https:\/\/imprimeideas.es\/en\/wp-json\/wp\/v2\/product\/45316","targetHints":{"allow":["GET"]}}],"collection":[{"href":"https:\/\/imprimeideas.es\/en\/wp-json\/wp\/v2\/product"}],"about":[{"href":"https:\/\/imprimeideas.es\/en\/wp-json\/wp\/v2\/types\/product"}],"replies":[{"embeddable":true,"href":"https:\/\/imprimeideas.es\/en\/wp-json\/wp\/v2\/comments?post=45316"}],"version-history":[{"count":1,"href":"https:\/\/imprimeideas.es\/en\/wp-json\/wp\/v2\/product\/45316\/revisions"}],"predecessor-version":[{"id":55746,"href":"https:\/\/imprimeideas.es\/en\/wp-json\/wp\/v2\/product\/45316\/revisions\/55746"}],"wp:featuredmedia":[{"embeddable":true,"href":"https:\/\/imprimeideas.es\/en\/wp-json\/wp\/v2\/media\/74034"}],"wp:attachment":[{"href":"https:\/\/imprimeideas.es\/en\/wp-json\/wp\/v2\/media?parent=45316"}],"wp:term":[{"taxonomy":"product_brand","embeddable":true,"href":"https:\/\/imprimeideas.es\/en\/wp-json\/wp\/v2\/product_brand?post=45316"},{"taxonomy":"product_cat","embeddable":true,"href":"https:\/\/imprimeideas.es\/en\/wp-json\/wp\/v2\/product_cat?post=45316"},{"taxonomy":"product_tag","embeddable":true,"href":"https:\/\/imprimeideas.es\/en\/wp-json\/wp\/v2\/product_tag?post=45316"}],"curies":[{"name":"wp","href":"https:\/\/api.w.org\/{rel}","templated":true}]}}