{"id":45310,"date":"2026-02-24T11:36:20","date_gmt":"2026-02-24T10:36:20","guid":{"rendered":"https:\/\/imprimeideas.es\/?post_type=product&p=45310"},"modified":"2026-02-26T18:33:07","modified_gmt":"2026-02-26T17:33:07","slug":"llavero-multifuncion-kaizen","status":"publish","type":"product","link":"https:\/\/imprimeideas.es\/en\/product\/llavero-multifuncion-kaizen\/","title":{"rendered":"Llavero Multifunci\u00f3n Kaizen"},"content":{"rendered":"<p>Pr\u00e1ctico llavero abridor met\u00e1lico. Con anilla para llavero y mosquet\u00f3n para un r\u00e1pido enganche. Con abrebotellas en uno de sus extremos, incorpora un peque\u00f1o cuchillo de acero inox en el extremo opuesto, ideal para abrir cartas, paquetes, etc. En elegante color negro metalizado y presentado en bolsa de papel reciclada.<\/p>","protected":false},"excerpt":{"rendered":"<p>Pr\u00e1ctico llavero abridor met\u00e1lico. Con anilla para llavero y mosquet\u00f3n para un r\u00e1pido enganche. Con abrebotellas en uno de sus<\/p>","protected":false},"featured_media":85177,"comment_status":"open","ping_status":"open","template":"","meta":{"inline_featured_image":false},"product_brand":[],"product_cat":[106],"product_tag":[],"class_list":{"0":"post-45310","1":"product","2":"type-product","3":"status-publish","4":"has-post-thumbnail","6":"product_cat-regalos-y-premiums","8":"first","9":"instock","10":"taxable","11":"shipping-taxable","12":"purchasable","13":"product-type-variable","14":"has-default-attributes"},"aioseo_notices":[],"_links":{"self":[{"href":"https:\/\/imprimeideas.es\/en\/wp-json\/wp\/v2\/product\/45310","targetHints":{"allow":["GET"]}}],"collection":[{"href":"https:\/\/imprimeideas.es\/en\/wp-json\/wp\/v2\/product"}],"about":[{"href":"https:\/\/imprimeideas.es\/en\/wp-json\/wp\/v2\/types\/product"}],"replies":[{"embeddable":true,"href":"https:\/\/imprimeideas.es\/en\/wp-json\/wp\/v2\/comments?post=45310"}],"version-history":[{"count":1,"href":"https:\/\/imprimeideas.es\/en\/wp-json\/wp\/v2\/product\/45310\/revisions"}],"predecessor-version":[{"id":55743,"href":"https:\/\/imprimeideas.es\/en\/wp-json\/wp\/v2\/product\/45310\/revisions\/55743"}],"wp:featuredmedia":[{"embeddable":true,"href":"https:\/\/imprimeideas.es\/en\/wp-json\/wp\/v2\/media\/85177"}],"wp:attachment":[{"href":"https:\/\/imprimeideas.es\/en\/wp-json\/wp\/v2\/media?parent=45310"}],"wp:term":[{"taxonomy":"product_brand","embeddable":true,"href":"https:\/\/imprimeideas.es\/en\/wp-json\/wp\/v2\/product_brand?post=45310"},{"taxonomy":"product_cat","embeddable":true,"href":"https:\/\/imprimeideas.es\/en\/wp-json\/wp\/v2\/product_cat?post=45310"},{"taxonomy":"product_tag","embeddable":true,"href":"https:\/\/imprimeideas.es\/en\/wp-json\/wp\/v2\/product_tag?post=45310"}],"curies":[{"name":"wp","href":"https:\/\/api.w.org\/{rel}","templated":true}]}}