{"id":45308,"date":"2026-02-24T11:36:20","date_gmt":"2026-02-24T10:36:20","guid":{"rendered":"https:\/\/imprimeideas.es\/?post_type=product&p=45308"},"modified":"2026-02-26T18:03:04","modified_gmt":"2026-02-26T17:03:04","slug":"portacreditaciones-alikra","status":"publish","type":"product","link":"https:\/\/imprimeideas.es\/en\/product\/portacreditaciones-alikra\/","title":{"rendered":"Portacreditaciones Alikra"},"content":{"rendered":"<p>Portacreditaciones extensible fabricado en bamb\u00fa y ca\u00f1a de trigo. Con cinta de fijaci\u00f3n de cierre de bot\u00f3n y mecanismo extensible de hasta 70 cm. Incluye clip trasero met\u00e1lico de enganche. Con amplia superficie de marcaje en la pieza central de bamb\u00fa. Presentado individualmente en bolsa reciclada. Materiales como el bamb\u00fa fomentan la utilizaci\u00f3n de materias primas naturales, reduciendo las emisiones contaminantes. Proviene de una planta de gran resistencia y versatilidad, con crecimiento y regeneraci\u00f3n r\u00e1pidos, siendo una excelente alternativa al uso de madera tradicional.<\/p>","protected":false},"excerpt":{"rendered":"<p>Extensible. Clip Incluido<\/p>","protected":false},"featured_media":85559,"comment_status":"open","ping_status":"open","template":"","meta":{"inline_featured_image":false},"product_brand":[],"product_cat":[122,96],"product_tag":[],"class_list":{"0":"post-45308","1":"product","2":"type-product","3":"status-publish","4":"has-post-thumbnail","6":"product_cat-articulos-sostenibles","7":"product_cat-oficina-y-negocios","9":"first","10":"instock","11":"taxable","12":"shipping-taxable","13":"purchasable","14":"product-type-variable","15":"has-default-attributes"},"aioseo_notices":[],"_links":{"self":[{"href":"https:\/\/imprimeideas.es\/en\/wp-json\/wp\/v2\/product\/45308","targetHints":{"allow":["GET"]}}],"collection":[{"href":"https:\/\/imprimeideas.es\/en\/wp-json\/wp\/v2\/product"}],"about":[{"href":"https:\/\/imprimeideas.es\/en\/wp-json\/wp\/v2\/types\/product"}],"replies":[{"embeddable":true,"href":"https:\/\/imprimeideas.es\/en\/wp-json\/wp\/v2\/comments?post=45308"}],"version-history":[{"count":1,"href":"https:\/\/imprimeideas.es\/en\/wp-json\/wp\/v2\/product\/45308\/revisions"}],"predecessor-version":[{"id":55742,"href":"https:\/\/imprimeideas.es\/en\/wp-json\/wp\/v2\/product\/45308\/revisions\/55742"}],"wp:featuredmedia":[{"embeddable":true,"href":"https:\/\/imprimeideas.es\/en\/wp-json\/wp\/v2\/media\/85559"}],"wp:attachment":[{"href":"https:\/\/imprimeideas.es\/en\/wp-json\/wp\/v2\/media?parent=45308"}],"wp:term":[{"taxonomy":"product_brand","embeddable":true,"href":"https:\/\/imprimeideas.es\/en\/wp-json\/wp\/v2\/product_brand?post=45308"},{"taxonomy":"product_cat","embeddable":true,"href":"https:\/\/imprimeideas.es\/en\/wp-json\/wp\/v2\/product_cat?post=45308"},{"taxonomy":"product_tag","embeddable":true,"href":"https:\/\/imprimeideas.es\/en\/wp-json\/wp\/v2\/product_tag?post=45308"}],"curies":[{"name":"wp","href":"https:\/\/api.w.org\/{rel}","templated":true}]}}