{"id":45306,"date":"2026-02-24T11:36:20","date_gmt":"2026-02-24T10:36:20","guid":{"rendered":"https:\/\/imprimeideas.es\/?post_type=product&p=45306"},"modified":"2026-02-26T18:28:08","modified_gmt":"2026-02-26T17:28:08","slug":"multiherramienta-flanery","status":"publish","type":"product","link":"https:\/\/imprimeideas.es\/en\/product\/multiherramienta-flanery\/","title":{"rendered":"Multiherramienta Flanery"},"content":{"rendered":"<p>Original y pr\u00e1ctica multiherramienta en acero inox con forma de motocicleta. Con 11 funciones, entre otras: llave para tuercas hexagonales en varios tama\u00f1os y abrebotellas. Adem\u00e1s, con linterna de 1 LED alimentada por pila de bot\u00f3n. Presentado en bolsa de papel reciclada.<\/p>","protected":false},"excerpt":{"rendered":"<p>1 Led. 11 Funciones. Pilas Bot\u00f3n Incluida<\/p>","protected":false},"featured_media":84997,"comment_status":"open","ping_status":"open","template":"","meta":{"inline_featured_image":false},"product_brand":[],"product_cat":[106],"product_tag":[],"class_list":{"0":"post-45306","1":"product","2":"type-product","3":"status-publish","4":"has-post-thumbnail","6":"product_cat-regalos-y-premiums","8":"first","9":"instock","10":"taxable","11":"shipping-taxable","12":"purchasable","13":"product-type-variable","14":"has-default-attributes"},"aioseo_notices":[],"_links":{"self":[{"href":"https:\/\/imprimeideas.es\/en\/wp-json\/wp\/v2\/product\/45306","targetHints":{"allow":["GET"]}}],"collection":[{"href":"https:\/\/imprimeideas.es\/en\/wp-json\/wp\/v2\/product"}],"about":[{"href":"https:\/\/imprimeideas.es\/en\/wp-json\/wp\/v2\/types\/product"}],"replies":[{"embeddable":true,"href":"https:\/\/imprimeideas.es\/en\/wp-json\/wp\/v2\/comments?post=45306"}],"version-history":[{"count":1,"href":"https:\/\/imprimeideas.es\/en\/wp-json\/wp\/v2\/product\/45306\/revisions"}],"predecessor-version":[{"id":55741,"href":"https:\/\/imprimeideas.es\/en\/wp-json\/wp\/v2\/product\/45306\/revisions\/55741"}],"wp:featuredmedia":[{"embeddable":true,"href":"https:\/\/imprimeideas.es\/en\/wp-json\/wp\/v2\/media\/84997"}],"wp:attachment":[{"href":"https:\/\/imprimeideas.es\/en\/wp-json\/wp\/v2\/media?parent=45306"}],"wp:term":[{"taxonomy":"product_brand","embeddable":true,"href":"https:\/\/imprimeideas.es\/en\/wp-json\/wp\/v2\/product_brand?post=45306"},{"taxonomy":"product_cat","embeddable":true,"href":"https:\/\/imprimeideas.es\/en\/wp-json\/wp\/v2\/product_cat?post=45306"},{"taxonomy":"product_tag","embeddable":true,"href":"https:\/\/imprimeideas.es\/en\/wp-json\/wp\/v2\/product_tag?post=45306"}],"curies":[{"name":"wp","href":"https:\/\/api.w.org\/{rel}","templated":true}]}}