{"id":45294,"date":"2026-02-24T11:36:18","date_gmt":"2026-02-24T10:36:18","guid":{"rendered":"https:\/\/imprimeideas.es\/?post_type=product&p=45294"},"modified":"2026-02-26T18:08:14","modified_gmt":"2026-02-26T17:08:14","slug":"tarjetero-eltanin","status":"publish","type":"product","link":"https:\/\/imprimeideas.es\/en\/product\/tarjetero-eltanin\/","title":{"rendered":"Tarjetero Eltanin"},"content":{"rendered":"<p>Elegante tarjetero fabricado en suave bamb\u00fa, con tapas duras y cierre de presi\u00f3n. Destaca el detalle de bamb\u00fa en la parte frontal y cuenta con un compartimento interior para almacenar tarjetas. Presentado en una bolsa individual de papel reciclado.Materiales como el bamb\u00fa fomentan la utilizaci\u00f3n de materias primas naturales, reduciendo las emisiones contaminantes. Proviene de una planta de gran resistencia y versatilidad, con crecimiento y regeneraci\u00f3n r\u00e1pidos, siendo una excelente alternativa al uso de madera tradicional.<\/p>","protected":false},"excerpt":{"rendered":"<p>1 Compartimento<\/p>","protected":false},"featured_media":71498,"comment_status":"open","ping_status":"open","template":"","meta":{"inline_featured_image":false},"product_brand":[],"product_cat":[122,106],"product_tag":[],"class_list":{"0":"post-45294","1":"product","2":"type-product","3":"status-publish","4":"has-post-thumbnail","6":"product_cat-articulos-sostenibles","7":"product_cat-regalos-y-premiums","9":"first","10":"instock","11":"taxable","12":"shipping-taxable","13":"purchasable","14":"product-type-variable","15":"has-default-attributes"},"aioseo_notices":[],"_links":{"self":[{"href":"https:\/\/imprimeideas.es\/en\/wp-json\/wp\/v2\/product\/45294","targetHints":{"allow":["GET"]}}],"collection":[{"href":"https:\/\/imprimeideas.es\/en\/wp-json\/wp\/v2\/product"}],"about":[{"href":"https:\/\/imprimeideas.es\/en\/wp-json\/wp\/v2\/types\/product"}],"replies":[{"embeddable":true,"href":"https:\/\/imprimeideas.es\/en\/wp-json\/wp\/v2\/comments?post=45294"}],"version-history":[{"count":1,"href":"https:\/\/imprimeideas.es\/en\/wp-json\/wp\/v2\/product\/45294\/revisions"}],"predecessor-version":[{"id":55735,"href":"https:\/\/imprimeideas.es\/en\/wp-json\/wp\/v2\/product\/45294\/revisions\/55735"}],"wp:featuredmedia":[{"embeddable":true,"href":"https:\/\/imprimeideas.es\/en\/wp-json\/wp\/v2\/media\/71498"}],"wp:attachment":[{"href":"https:\/\/imprimeideas.es\/en\/wp-json\/wp\/v2\/media?parent=45294"}],"wp:term":[{"taxonomy":"product_brand","embeddable":true,"href":"https:\/\/imprimeideas.es\/en\/wp-json\/wp\/v2\/product_brand?post=45294"},{"taxonomy":"product_cat","embeddable":true,"href":"https:\/\/imprimeideas.es\/en\/wp-json\/wp\/v2\/product_cat?post=45294"},{"taxonomy":"product_tag","embeddable":true,"href":"https:\/\/imprimeideas.es\/en\/wp-json\/wp\/v2\/product_tag?post=45294"}],"curies":[{"name":"wp","href":"https:\/\/api.w.org\/{rel}","templated":true}]}}