{"id":45286,"date":"2026-02-24T11:36:17","date_gmt":"2026-02-24T10:36:17","guid":{"rendered":"https:\/\/imprimeideas.es\/?post_type=product&p=45286"},"modified":"2026-02-26T18:13:52","modified_gmt":"2026-02-26T17:13:52","slug":"maqueta-cochep","status":"publish","type":"product","link":"https:\/\/imprimeideas.es\/en\/product\/maqueta-cochep\/","title":{"rendered":"Maqueta Cochep"},"content":{"rendered":"<p>Maqueta met\u00e1lica de coche vintage. Nost\u00e1lgico recuerdo con esta obra detalladamente elaborada reproduciendo un veh\u00edculo de \u00e9poca. Fabricado con precisi\u00f3n en cada detalle, desde los accesorios hasta los neum\u00e1ticos. Esta maqueta es m\u00e1s que un adorno, es un toque vintage y distintivo a cualquier espacio. Presentado en caja de dise\u00f1o kraft con ventana.<\/p>","protected":false},"excerpt":{"rendered":"<p>Maqueta met\u00e1lica de coche vintage. Nost\u00e1lgico recuerdo con esta obra detalladamente elaborada reproduciendo un veh\u00edculo de \u00e9poca. Fabricado con precisi\u00f3n<\/p>","protected":false},"featured_media":81218,"comment_status":"open","ping_status":"open","template":"","meta":{"inline_featured_image":false},"product_brand":[],"product_cat":[104,106],"product_tag":[],"class_list":{"0":"post-45286","1":"product","2":"type-product","3":"status-publish","4":"has-post-thumbnail","6":"product_cat-hogar-y-decoracion","7":"product_cat-regalos-y-premiums","9":"first","10":"instock","11":"taxable","12":"shipping-taxable","13":"purchasable","14":"product-type-variable","15":"has-default-attributes"},"aioseo_notices":[],"_links":{"self":[{"href":"https:\/\/imprimeideas.es\/en\/wp-json\/wp\/v2\/product\/45286","targetHints":{"allow":["GET"]}}],"collection":[{"href":"https:\/\/imprimeideas.es\/en\/wp-json\/wp\/v2\/product"}],"about":[{"href":"https:\/\/imprimeideas.es\/en\/wp-json\/wp\/v2\/types\/product"}],"replies":[{"embeddable":true,"href":"https:\/\/imprimeideas.es\/en\/wp-json\/wp\/v2\/comments?post=45286"}],"version-history":[{"count":1,"href":"https:\/\/imprimeideas.es\/en\/wp-json\/wp\/v2\/product\/45286\/revisions"}],"predecessor-version":[{"id":55731,"href":"https:\/\/imprimeideas.es\/en\/wp-json\/wp\/v2\/product\/45286\/revisions\/55731"}],"wp:featuredmedia":[{"embeddable":true,"href":"https:\/\/imprimeideas.es\/en\/wp-json\/wp\/v2\/media\/81218"}],"wp:attachment":[{"href":"https:\/\/imprimeideas.es\/en\/wp-json\/wp\/v2\/media?parent=45286"}],"wp:term":[{"taxonomy":"product_brand","embeddable":true,"href":"https:\/\/imprimeideas.es\/en\/wp-json\/wp\/v2\/product_brand?post=45286"},{"taxonomy":"product_cat","embeddable":true,"href":"https:\/\/imprimeideas.es\/en\/wp-json\/wp\/v2\/product_cat?post=45286"},{"taxonomy":"product_tag","embeddable":true,"href":"https:\/\/imprimeideas.es\/en\/wp-json\/wp\/v2\/product_tag?post=45286"}],"curies":[{"name":"wp","href":"https:\/\/api.w.org\/{rel}","templated":true}]}}