{"id":45274,"date":"2026-02-24T11:36:16","date_gmt":"2026-02-24T10:36:16","guid":{"rendered":"https:\/\/imprimeideas.es\/?post_type=product&p=45274"},"modified":"2026-02-26T18:37:32","modified_gmt":"2026-02-26T17:37:32","slug":"llavero-linterna-kushing","status":"publish","type":"product","link":"https:\/\/imprimeideas.es\/en\/product\/llavero-linterna-kushing\/","title":{"rendered":"Llavero Linterna Kushing"},"content":{"rendered":"<p>Resistente llavero abridor fabricado en Aluminio Reciclado. Este pr\u00e1ctico accesorio cuenta con 3 luces LEDs alimentadas por pilas de bot\u00f3n incluidas. Su dise\u00f1o incluye un abridor, ofreciendo versatilidad en un solo dispositivo. Incluye logotipo Aluminio Reciclado en un lateral y est\u00e1 disponible en una variada gama de colores. Presentada en caja de dise\u00f1o kraft.El Aluminio Reciclado es un material con posibilidades de reciclaje casi infinitas, sin perder sus propiedades originales y consumiendo menos energ\u00eda en este proceso.Certificaci\u00f3n GRS (Global Recycled Standard \/ Est\u00e1ndar de Reciclaje Global), que garantiza el origen reciclado del material usado para fabricar el producto.<\/p>","protected":false},"excerpt":{"rendered":"<p>3 Led. Pilas Bot\u00f3n Incluidas<\/p>","protected":false},"featured_media":62686,"comment_status":"open","ping_status":"open","template":"","meta":{"inline_featured_image":false},"product_brand":[],"product_cat":[122,106],"product_tag":[],"class_list":{"0":"post-45274","1":"product","2":"type-product","3":"status-publish","4":"has-post-thumbnail","6":"product_cat-articulos-sostenibles","7":"product_cat-regalos-y-premiums","9":"first","10":"instock","11":"taxable","12":"shipping-taxable","13":"purchasable","14":"product-type-variable","15":"has-default-attributes"},"aioseo_notices":[],"_links":{"self":[{"href":"https:\/\/imprimeideas.es\/en\/wp-json\/wp\/v2\/product\/45274","targetHints":{"allow":["GET"]}}],"collection":[{"href":"https:\/\/imprimeideas.es\/en\/wp-json\/wp\/v2\/product"}],"about":[{"href":"https:\/\/imprimeideas.es\/en\/wp-json\/wp\/v2\/types\/product"}],"replies":[{"embeddable":true,"href":"https:\/\/imprimeideas.es\/en\/wp-json\/wp\/v2\/comments?post=45274"}],"version-history":[{"count":1,"href":"https:\/\/imprimeideas.es\/en\/wp-json\/wp\/v2\/product\/45274\/revisions"}],"predecessor-version":[{"id":55729,"href":"https:\/\/imprimeideas.es\/en\/wp-json\/wp\/v2\/product\/45274\/revisions\/55729"}],"wp:featuredmedia":[{"embeddable":true,"href":"https:\/\/imprimeideas.es\/en\/wp-json\/wp\/v2\/media\/62686"}],"wp:attachment":[{"href":"https:\/\/imprimeideas.es\/en\/wp-json\/wp\/v2\/media?parent=45274"}],"wp:term":[{"taxonomy":"product_brand","embeddable":true,"href":"https:\/\/imprimeideas.es\/en\/wp-json\/wp\/v2\/product_brand?post=45274"},{"taxonomy":"product_cat","embeddable":true,"href":"https:\/\/imprimeideas.es\/en\/wp-json\/wp\/v2\/product_cat?post=45274"},{"taxonomy":"product_tag","embeddable":true,"href":"https:\/\/imprimeideas.es\/en\/wp-json\/wp\/v2\/product_tag?post=45274"}],"curies":[{"name":"wp","href":"https:\/\/api.w.org\/{rel}","templated":true}]}}