{"id":45267,"date":"2026-02-24T11:36:15","date_gmt":"2026-02-24T10:36:15","guid":{"rendered":"https:\/\/imprimeideas.es\/?post_type=product&p=45267"},"modified":"2026-02-26T18:13:41","modified_gmt":"2026-02-26T17:13:41","slug":"llavero-linterna-wols","status":"publish","type":"product","link":"https:\/\/imprimeideas.es\/en\/product\/llavero-linterna-wols\/","title":{"rendered":"Llavero Linterna Wols"},"content":{"rendered":"<p>Llavero linterna con cuerpo fabricado en Aluminio Reciclado. Equipado con 1 LED de potencia, funciona con pilas de bot\u00f3n incluidas y cuenta con un enganche en forma de mosquet\u00f3n del mismo color. Incluye logotipo Aluminio Reciclado en un lateral y est\u00e1 disponible en una variada gama de colores. Presentado en caja de dise\u00f1o kraft.El Aluminio Reciclado es un material con posibilidades de reciclaje casi infinitas, sin perder sus propiedades originales y consumiendo menos energ\u00eda en este proceso.Certificaci\u00f3n GRS (Global Recycled Standard \/ Est\u00e1ndar de Reciclaje Global), que garantiza el origen reciclado del material usado para fabricar el producto.<\/p>","protected":false},"excerpt":{"rendered":"<p>1 Led. Pilas Bot\u00f3n Incluidas<\/p>","protected":false},"featured_media":77727,"comment_status":"open","ping_status":"open","template":"","meta":{"inline_featured_image":false},"product_brand":[],"product_cat":[122,106],"product_tag":[],"class_list":{"0":"post-45267","1":"product","2":"type-product","3":"status-publish","4":"has-post-thumbnail","6":"product_cat-articulos-sostenibles","7":"product_cat-regalos-y-premiums","9":"first","10":"instock","11":"taxable","12":"shipping-taxable","13":"purchasable","14":"product-type-variable","15":"has-default-attributes"},"aioseo_notices":[],"_links":{"self":[{"href":"https:\/\/imprimeideas.es\/en\/wp-json\/wp\/v2\/product\/45267","targetHints":{"allow":["GET"]}}],"collection":[{"href":"https:\/\/imprimeideas.es\/en\/wp-json\/wp\/v2\/product"}],"about":[{"href":"https:\/\/imprimeideas.es\/en\/wp-json\/wp\/v2\/types\/product"}],"replies":[{"embeddable":true,"href":"https:\/\/imprimeideas.es\/en\/wp-json\/wp\/v2\/comments?post=45267"}],"version-history":[{"count":1,"href":"https:\/\/imprimeideas.es\/en\/wp-json\/wp\/v2\/product\/45267\/revisions"}],"predecessor-version":[{"id":55728,"href":"https:\/\/imprimeideas.es\/en\/wp-json\/wp\/v2\/product\/45267\/revisions\/55728"}],"wp:featuredmedia":[{"embeddable":true,"href":"https:\/\/imprimeideas.es\/en\/wp-json\/wp\/v2\/media\/77727"}],"wp:attachment":[{"href":"https:\/\/imprimeideas.es\/en\/wp-json\/wp\/v2\/media?parent=45267"}],"wp:term":[{"taxonomy":"product_brand","embeddable":true,"href":"https:\/\/imprimeideas.es\/en\/wp-json\/wp\/v2\/product_brand?post=45267"},{"taxonomy":"product_cat","embeddable":true,"href":"https:\/\/imprimeideas.es\/en\/wp-json\/wp\/v2\/product_cat?post=45267"},{"taxonomy":"product_tag","embeddable":true,"href":"https:\/\/imprimeideas.es\/en\/wp-json\/wp\/v2\/product_tag?post=45267"}],"curies":[{"name":"wp","href":"https:\/\/api.w.org\/{rel}","templated":true}]}}