{"id":45255,"date":"2026-02-24T11:36:14","date_gmt":"2026-02-24T10:36:14","guid":{"rendered":"https:\/\/imprimeideas.es\/?post_type=product&p=45255"},"modified":"2026-02-26T18:19:18","modified_gmt":"2026-02-26T17:19:18","slug":"sets-barajas-kardain","status":"publish","type":"product","link":"https:\/\/imprimeideas.es\/en\/product\/sets-barajas-kardain\/","title":{"rendered":"Sets Barajas Kardain"},"content":{"rendered":"<p>Set de baraja espa\u00f1ola y baraja francesa, fabricadas en resistente cart\u00f3n reciclado. Baraja espa\u00f1ola con 50 naipes y baraja francesa con 54 naipes, presentadas en estuche de cart\u00f3n acabado kraft con tapadera.<\/p>","protected":false},"excerpt":{"rendered":"<p>Baraja Espa\u00f1ola 50 Cartas. Baraja Francesa 54 Cartas<\/p>","protected":false},"featured_media":73141,"comment_status":"open","ping_status":"open","template":"","meta":{"inline_featured_image":false},"product_brand":[],"product_cat":[122,108,106],"product_tag":[],"class_list":{"0":"post-45255","1":"product","2":"type-product","3":"status-publish","4":"has-post-thumbnail","6":"product_cat-articulos-sostenibles","7":"product_cat-infantil","8":"product_cat-regalos-y-premiums","10":"first","11":"instock","12":"taxable","13":"shipping-taxable","14":"purchasable","15":"product-type-variable","16":"has-default-attributes"},"aioseo_notices":[],"_links":{"self":[{"href":"https:\/\/imprimeideas.es\/en\/wp-json\/wp\/v2\/product\/45255","targetHints":{"allow":["GET"]}}],"collection":[{"href":"https:\/\/imprimeideas.es\/en\/wp-json\/wp\/v2\/product"}],"about":[{"href":"https:\/\/imprimeideas.es\/en\/wp-json\/wp\/v2\/types\/product"}],"replies":[{"embeddable":true,"href":"https:\/\/imprimeideas.es\/en\/wp-json\/wp\/v2\/comments?post=45255"}],"version-history":[{"count":1,"href":"https:\/\/imprimeideas.es\/en\/wp-json\/wp\/v2\/product\/45255\/revisions"}],"predecessor-version":[{"id":55724,"href":"https:\/\/imprimeideas.es\/en\/wp-json\/wp\/v2\/product\/45255\/revisions\/55724"}],"wp:featuredmedia":[{"embeddable":true,"href":"https:\/\/imprimeideas.es\/en\/wp-json\/wp\/v2\/media\/73141"}],"wp:attachment":[{"href":"https:\/\/imprimeideas.es\/en\/wp-json\/wp\/v2\/media?parent=45255"}],"wp:term":[{"taxonomy":"product_brand","embeddable":true,"href":"https:\/\/imprimeideas.es\/en\/wp-json\/wp\/v2\/product_brand?post=45255"},{"taxonomy":"product_cat","embeddable":true,"href":"https:\/\/imprimeideas.es\/en\/wp-json\/wp\/v2\/product_cat?post=45255"},{"taxonomy":"product_tag","embeddable":true,"href":"https:\/\/imprimeideas.es\/en\/wp-json\/wp\/v2\/product_tag?post=45255"}],"curies":[{"name":"wp","href":"https:\/\/api.w.org\/{rel}","templated":true}]}}