{"id":45250,"date":"2026-02-24T11:36:13","date_gmt":"2026-02-24T10:36:13","guid":{"rendered":"https:\/\/imprimeideas.es\/?post_type=product&p=45250"},"modified":"2026-02-26T18:08:07","modified_gmt":"2026-02-26T17:08:07","slug":"juego-petanca-delero","status":"publish","type":"product","link":"https:\/\/imprimeideas.es\/en\/product\/juego-petanca-delero\/","title":{"rendered":"Juego Petanca Delero"},"content":{"rendered":"<p>Juego de petanca fabricado en madera. De inspiraci\u00f3n artesanal, incluye 6 bolas, un boliche y cuerda de medici\u00f3n. Presentado en una pr\u00e1ctica funda de transporte fabricada en algod\u00f3n de acabado natural y con cierre de cord\u00f3n.<\/p>","protected":false},"excerpt":{"rendered":"<p>8 Piezas. Funda Algod\u00f3n<\/p>","protected":false},"featured_media":79987,"comment_status":"open","ping_status":"open","template":"","meta":{"inline_featured_image":false},"product_brand":[],"product_cat":[122,108,106],"product_tag":[],"class_list":{"0":"post-45250","1":"product","2":"type-product","3":"status-publish","4":"has-post-thumbnail","6":"product_cat-articulos-sostenibles","7":"product_cat-infantil","8":"product_cat-regalos-y-premiums","10":"first","11":"instock","12":"taxable","13":"shipping-taxable","14":"purchasable","15":"product-type-variable","16":"has-default-attributes"},"aioseo_notices":[],"_links":{"self":[{"href":"https:\/\/imprimeideas.es\/en\/wp-json\/wp\/v2\/product\/45250","targetHints":{"allow":["GET"]}}],"collection":[{"href":"https:\/\/imprimeideas.es\/en\/wp-json\/wp\/v2\/product"}],"about":[{"href":"https:\/\/imprimeideas.es\/en\/wp-json\/wp\/v2\/types\/product"}],"replies":[{"embeddable":true,"href":"https:\/\/imprimeideas.es\/en\/wp-json\/wp\/v2\/comments?post=45250"}],"version-history":[{"count":1,"href":"https:\/\/imprimeideas.es\/en\/wp-json\/wp\/v2\/product\/45250\/revisions"}],"predecessor-version":[{"id":55722,"href":"https:\/\/imprimeideas.es\/en\/wp-json\/wp\/v2\/product\/45250\/revisions\/55722"}],"wp:featuredmedia":[{"embeddable":true,"href":"https:\/\/imprimeideas.es\/en\/wp-json\/wp\/v2\/media\/79987"}],"wp:attachment":[{"href":"https:\/\/imprimeideas.es\/en\/wp-json\/wp\/v2\/media?parent=45250"}],"wp:term":[{"taxonomy":"product_brand","embeddable":true,"href":"https:\/\/imprimeideas.es\/en\/wp-json\/wp\/v2\/product_brand?post=45250"},{"taxonomy":"product_cat","embeddable":true,"href":"https:\/\/imprimeideas.es\/en\/wp-json\/wp\/v2\/product_cat?post=45250"},{"taxonomy":"product_tag","embeddable":true,"href":"https:\/\/imprimeideas.es\/en\/wp-json\/wp\/v2\/product_tag?post=45250"}],"curies":[{"name":"wp","href":"https:\/\/api.w.org\/{rel}","templated":true}]}}