{"id":45248,"date":"2026-02-24T11:36:13","date_gmt":"2026-02-24T10:36:13","guid":{"rendered":"https:\/\/imprimeideas.es\/?post_type=product&p=45248"},"modified":"2026-02-26T18:19:08","modified_gmt":"2026-02-26T17:19:08","slug":"marco-de-arte-oleox","status":"publish","type":"product","link":"https:\/\/imprimeideas.es\/en\/product\/marco-de-arte-oleox\/","title":{"rendered":"Marco de Arte Oleox"},"content":{"rendered":"<p>Elegante marco de arte que combina funcionalidad y estilo. Ofrece un compartimento para almacenar dise\u00f1os de tama\u00f1o A4 sujetos por bandas el\u00e1sticas, mientras que en su portada incorpora un marco para resaltar el dise\u00f1o elegido. Se destaca por su apertura de bisagras y cierre magn\u00e9tico, garantizando un manejo pr\u00e1ctico y seguro. Presentado de forma individual en caja de dise\u00f1o kraft.<\/p>","protected":false},"excerpt":{"rendered":"<p>Elegante marco de arte que combina funcionalidad y estilo. Ofrece un compartimento para almacenar dise\u00f1os de tama\u00f1o A4 sujetos por<\/p>","protected":false},"featured_media":86128,"comment_status":"open","ping_status":"open","template":"","meta":{"inline_featured_image":false},"product_brand":[],"product_cat":[122,108,106],"product_tag":[],"class_list":{"0":"post-45248","1":"product","2":"type-product","3":"status-publish","4":"has-post-thumbnail","6":"product_cat-articulos-sostenibles","7":"product_cat-infantil","8":"product_cat-regalos-y-premiums","10":"first","11":"instock","12":"taxable","13":"shipping-taxable","14":"purchasable","15":"product-type-variable","16":"has-default-attributes"},"aioseo_notices":[],"_links":{"self":[{"href":"https:\/\/imprimeideas.es\/en\/wp-json\/wp\/v2\/product\/45248","targetHints":{"allow":["GET"]}}],"collection":[{"href":"https:\/\/imprimeideas.es\/en\/wp-json\/wp\/v2\/product"}],"about":[{"href":"https:\/\/imprimeideas.es\/en\/wp-json\/wp\/v2\/types\/product"}],"replies":[{"embeddable":true,"href":"https:\/\/imprimeideas.es\/en\/wp-json\/wp\/v2\/comments?post=45248"}],"version-history":[{"count":1,"href":"https:\/\/imprimeideas.es\/en\/wp-json\/wp\/v2\/product\/45248\/revisions"}],"predecessor-version":[{"id":55721,"href":"https:\/\/imprimeideas.es\/en\/wp-json\/wp\/v2\/product\/45248\/revisions\/55721"}],"wp:featuredmedia":[{"embeddable":true,"href":"https:\/\/imprimeideas.es\/en\/wp-json\/wp\/v2\/media\/86128"}],"wp:attachment":[{"href":"https:\/\/imprimeideas.es\/en\/wp-json\/wp\/v2\/media?parent=45248"}],"wp:term":[{"taxonomy":"product_brand","embeddable":true,"href":"https:\/\/imprimeideas.es\/en\/wp-json\/wp\/v2\/product_brand?post=45248"},{"taxonomy":"product_cat","embeddable":true,"href":"https:\/\/imprimeideas.es\/en\/wp-json\/wp\/v2\/product_cat?post=45248"},{"taxonomy":"product_tag","embeddable":true,"href":"https:\/\/imprimeideas.es\/en\/wp-json\/wp\/v2\/product_tag?post=45248"}],"curies":[{"name":"wp","href":"https:\/\/api.w.org\/{rel}","templated":true}]}}