{"id":45246,"date":"2026-02-24T11:36:13","date_gmt":"2026-02-24T10:36:13","guid":{"rendered":"https:\/\/imprimeideas.es\/?post_type=product&p=45246"},"modified":"2026-02-26T18:33:02","modified_gmt":"2026-02-26T17:33:02","slug":"antiestres-eline","status":"publish","type":"product","link":"https:\/\/imprimeideas.es\/en\/product\/antiestres-eline\/","title":{"rendered":"Antiestr\u00e9s Eline"},"content":{"rendered":"<p>Original antiestr\u00e9s en forma de anillos. Cuenta con cuatro piezas de colores con imanes para poder juntar y separar tantas veces como se quiera, liberando tensi\u00f3n gracias a su caracter\u00edstico movimiento circular. Adem\u00e1s, ofrecen la posibilidad de usarlos como spinner, ya sea juntos o por separado. Presentado individualmente en bolsa reciclada de RPET.<\/p>","protected":false},"excerpt":{"rendered":"<p>4 Piezas. Magn\u00e9tico. Funda Poli\u00e9ster RPET<\/p>","protected":false},"featured_media":86163,"comment_status":"open","ping_status":"open","template":"","meta":{"inline_featured_image":false},"product_brand":[],"product_cat":[122,106],"product_tag":[],"class_list":{"0":"post-45246","1":"product","2":"type-product","3":"status-publish","4":"has-post-thumbnail","6":"product_cat-articulos-sostenibles","7":"product_cat-regalos-y-premiums","9":"first","10":"instock","11":"taxable","12":"shipping-taxable","13":"purchasable","14":"product-type-variable","15":"has-default-attributes"},"aioseo_notices":[],"_links":{"self":[{"href":"https:\/\/imprimeideas.es\/en\/wp-json\/wp\/v2\/product\/45246","targetHints":{"allow":["GET"]}}],"collection":[{"href":"https:\/\/imprimeideas.es\/en\/wp-json\/wp\/v2\/product"}],"about":[{"href":"https:\/\/imprimeideas.es\/en\/wp-json\/wp\/v2\/types\/product"}],"replies":[{"embeddable":true,"href":"https:\/\/imprimeideas.es\/en\/wp-json\/wp\/v2\/comments?post=45246"}],"version-history":[{"count":1,"href":"https:\/\/imprimeideas.es\/en\/wp-json\/wp\/v2\/product\/45246\/revisions"}],"predecessor-version":[{"id":55720,"href":"https:\/\/imprimeideas.es\/en\/wp-json\/wp\/v2\/product\/45246\/revisions\/55720"}],"wp:featuredmedia":[{"embeddable":true,"href":"https:\/\/imprimeideas.es\/en\/wp-json\/wp\/v2\/media\/86163"}],"wp:attachment":[{"href":"https:\/\/imprimeideas.es\/en\/wp-json\/wp\/v2\/media?parent=45246"}],"wp:term":[{"taxonomy":"product_brand","embeddable":true,"href":"https:\/\/imprimeideas.es\/en\/wp-json\/wp\/v2\/product_brand?post=45246"},{"taxonomy":"product_cat","embeddable":true,"href":"https:\/\/imprimeideas.es\/en\/wp-json\/wp\/v2\/product_cat?post=45246"},{"taxonomy":"product_tag","embeddable":true,"href":"https:\/\/imprimeideas.es\/en\/wp-json\/wp\/v2\/product_tag?post=45246"}],"curies":[{"name":"wp","href":"https:\/\/api.w.org\/{rel}","templated":true}]}}