{"id":45226,"date":"2026-02-24T11:36:11","date_gmt":"2026-02-24T10:36:11","guid":{"rendered":"https:\/\/imprimeideas.es\/?post_type=product&p=45226"},"modified":"2026-02-26T18:08:24","modified_gmt":"2026-02-26T17:08:24","slug":"set-oficina-mikonen","status":"publish","type":"product","link":"https:\/\/imprimeideas.es\/en\/product\/set-oficina-mikonen\/","title":{"rendered":"Set Oficina Mikonen"},"content":{"rendered":"<p>Pr\u00e1ctico set de oficina elaborado en bamb\u00fa. Este estuche incluye 220 notas adhesivas de 4&#215;4,5 cm en dos colores, 550 mininotas adhesivas en forma de flecha de 1,2&#215;4,5 cm en cinco colores vibrantes, una regla de 12 cm y un bol\u00edgrafo fabricado en cart\u00f3n reciclado con tinta azul. Presentado en bolsa individual reciclada. Materiales como el bamb\u00fa fomentan la utilizaci\u00f3n de materias primas naturales, reduciendo las emisiones contaminantes. Proviene de una planta de gran resistencia y versatilidad, con crecimiento y regeneraci\u00f3n r\u00e1pidos, siendo una excelente alternativa al uso de madera tradicional.<\/p>","protected":false},"excerpt":{"rendered":"<p>220 Notas Adhesivas 4 x 4,5 cm. 550 Mininotas Adhesivas 1,2 x 4,5 cm. Regla 12 cm. Bol\u00edgrafo Cart\u00f3n Reciclado<\/p>","protected":false},"featured_media":70057,"comment_status":"open","ping_status":"open","template":"","meta":{"inline_featured_image":false},"product_brand":[],"product_cat":[122,96],"product_tag":[],"class_list":{"0":"post-45226","1":"product","2":"type-product","3":"status-publish","4":"has-post-thumbnail","6":"product_cat-articulos-sostenibles","7":"product_cat-oficina-y-negocios","9":"first","10":"instock","11":"taxable","12":"shipping-taxable","13":"purchasable","14":"product-type-variable","15":"has-default-attributes"},"aioseo_notices":[],"_links":{"self":[{"href":"https:\/\/imprimeideas.es\/en\/wp-json\/wp\/v2\/product\/45226","targetHints":{"allow":["GET"]}}],"collection":[{"href":"https:\/\/imprimeideas.es\/en\/wp-json\/wp\/v2\/product"}],"about":[{"href":"https:\/\/imprimeideas.es\/en\/wp-json\/wp\/v2\/types\/product"}],"replies":[{"embeddable":true,"href":"https:\/\/imprimeideas.es\/en\/wp-json\/wp\/v2\/comments?post=45226"}],"version-history":[{"count":1,"href":"https:\/\/imprimeideas.es\/en\/wp-json\/wp\/v2\/product\/45226\/revisions"}],"predecessor-version":[{"id":55711,"href":"https:\/\/imprimeideas.es\/en\/wp-json\/wp\/v2\/product\/45226\/revisions\/55711"}],"wp:featuredmedia":[{"embeddable":true,"href":"https:\/\/imprimeideas.es\/en\/wp-json\/wp\/v2\/media\/70057"}],"wp:attachment":[{"href":"https:\/\/imprimeideas.es\/en\/wp-json\/wp\/v2\/media?parent=45226"}],"wp:term":[{"taxonomy":"product_brand","embeddable":true,"href":"https:\/\/imprimeideas.es\/en\/wp-json\/wp\/v2\/product_brand?post=45226"},{"taxonomy":"product_cat","embeddable":true,"href":"https:\/\/imprimeideas.es\/en\/wp-json\/wp\/v2\/product_cat?post=45226"},{"taxonomy":"product_tag","embeddable":true,"href":"https:\/\/imprimeideas.es\/en\/wp-json\/wp\/v2\/product_tag?post=45226"}],"curies":[{"name":"wp","href":"https:\/\/api.w.org\/{rel}","templated":true}]}}