{"id":45221,"date":"2026-02-24T11:36:10","date_gmt":"2026-02-24T10:36:10","guid":{"rendered":"https:\/\/imprimeideas.es\/?post_type=product&p=45221"},"modified":"2026-02-26T18:42:30","modified_gmt":"2026-02-26T17:42:30","slug":"bloc-notas-estein","status":"publish","type":"product","link":"https:\/\/imprimeideas.es\/en\/product\/bloc-notas-estein\/","title":{"rendered":"Bloc Notas Estein"},"content":{"rendered":"<p>Bloc de notas con anillas y tapas blandas elaborado en cart\u00f3n reciclado. Incluye 70 hojas blancas de disposici\u00f3n a una raya, 25 notas adhesivas de 4,5x5cm y 125 mininotas adhesivas de 1,5x5cm en variados colores. Presentado individualmente en bolsa de papel.El cart\u00f3n reciclado proviene del reaprovechamiento de excedente de fabricaciones y reciclaje de papel en el final de su vida \u00fatil, convirti\u00e9ndose en un lienzo ecol\u00f3gico y sostenible.<\/p>","protected":false},"excerpt":{"rendered":"<p>70 Hojas. 25 Notas Adhesivas 4,5 x 5 cm. 125 Mininotas Adhesivas 1,5 x 5 cm<\/p>","protected":false},"featured_media":77071,"comment_status":"open","ping_status":"open","template":"","meta":{"inline_featured_image":false},"product_brand":[],"product_cat":[122,96],"product_tag":[],"class_list":{"0":"post-45221","1":"product","2":"type-product","3":"status-publish","4":"has-post-thumbnail","6":"product_cat-articulos-sostenibles","7":"product_cat-oficina-y-negocios","9":"first","10":"instock","11":"taxable","12":"shipping-taxable","13":"purchasable","14":"product-type-variable","15":"has-default-attributes"},"aioseo_notices":[],"_links":{"self":[{"href":"https:\/\/imprimeideas.es\/en\/wp-json\/wp\/v2\/product\/45221","targetHints":{"allow":["GET"]}}],"collection":[{"href":"https:\/\/imprimeideas.es\/en\/wp-json\/wp\/v2\/product"}],"about":[{"href":"https:\/\/imprimeideas.es\/en\/wp-json\/wp\/v2\/types\/product"}],"replies":[{"embeddable":true,"href":"https:\/\/imprimeideas.es\/en\/wp-json\/wp\/v2\/comments?post=45221"}],"version-history":[{"count":1,"href":"https:\/\/imprimeideas.es\/en\/wp-json\/wp\/v2\/product\/45221\/revisions"}],"predecessor-version":[{"id":55709,"href":"https:\/\/imprimeideas.es\/en\/wp-json\/wp\/v2\/product\/45221\/revisions\/55709"}],"wp:featuredmedia":[{"embeddable":true,"href":"https:\/\/imprimeideas.es\/en\/wp-json\/wp\/v2\/media\/77071"}],"wp:attachment":[{"href":"https:\/\/imprimeideas.es\/en\/wp-json\/wp\/v2\/media?parent=45221"}],"wp:term":[{"taxonomy":"product_brand","embeddable":true,"href":"https:\/\/imprimeideas.es\/en\/wp-json\/wp\/v2\/product_brand?post=45221"},{"taxonomy":"product_cat","embeddable":true,"href":"https:\/\/imprimeideas.es\/en\/wp-json\/wp\/v2\/product_cat?post=45221"},{"taxonomy":"product_tag","embeddable":true,"href":"https:\/\/imprimeideas.es\/en\/wp-json\/wp\/v2\/product_tag?post=45221"}],"curies":[{"name":"wp","href":"https:\/\/api.w.org\/{rel}","templated":true}]}}