{"id":45219,"date":"2026-02-24T11:36:10","date_gmt":"2026-02-24T10:36:10","guid":{"rendered":"https:\/\/imprimeideas.es\/?post_type=product&p=45219"},"modified":"2026-02-26T18:28:06","modified_gmt":"2026-02-26T17:28:06","slug":"bloc-notas-wombax","status":"publish","type":"product","link":"https:\/\/imprimeideas.es\/en\/product\/bloc-notas-wombax\/","title":{"rendered":"Bloc Notas Wombax"},"content":{"rendered":"<p>Bloc de notas elaborado en cart\u00f3n reciclado. Incluye 70 hojas blancas con disposici\u00f3n a una raya, 15 notas adhesivas de 5&#215;6,5 cm y 75 mininotas adhesivas de 1,2&#215;4,5 cm en diversos colores. Adem\u00e1s, cuenta con un bol\u00edgrafo fabricado en cart\u00f3n reciclado y ca\u00f1a de trigo con mecanismo pulsador y tinta azul. Presentado individualmente en bolsa de papel. El cart\u00f3n reciclado proviene del reaprovechamiento de excedente de fabricaciones y reciclaje de papel en el final de su vida \u00fatil, convirti\u00e9ndose en un lienzo ecol\u00f3gico y sostenible.<\/p>","protected":false},"excerpt":{"rendered":"<p>Bloc 70 Hojas. 15 Notas Adhesivas 6 x 6,5 cm. 75 Mininotas Adhesivas 1,2 x 4,5 cm. Bol\u00edgrafo Cart\u00f3n Reciclado Incluido<\/p>","protected":false},"featured_media":69553,"comment_status":"open","ping_status":"open","template":"","meta":{"inline_featured_image":false},"product_brand":[],"product_cat":[122,96],"product_tag":[],"class_list":{"0":"post-45219","1":"product","2":"type-product","3":"status-publish","4":"has-post-thumbnail","6":"product_cat-articulos-sostenibles","7":"product_cat-oficina-y-negocios","9":"first","10":"instock","11":"taxable","12":"shipping-taxable","13":"purchasable","14":"product-type-variable","15":"has-default-attributes"},"aioseo_notices":[],"_links":{"self":[{"href":"https:\/\/imprimeideas.es\/en\/wp-json\/wp\/v2\/product\/45219","targetHints":{"allow":["GET"]}}],"collection":[{"href":"https:\/\/imprimeideas.es\/en\/wp-json\/wp\/v2\/product"}],"about":[{"href":"https:\/\/imprimeideas.es\/en\/wp-json\/wp\/v2\/types\/product"}],"replies":[{"embeddable":true,"href":"https:\/\/imprimeideas.es\/en\/wp-json\/wp\/v2\/comments?post=45219"}],"version-history":[{"count":1,"href":"https:\/\/imprimeideas.es\/en\/wp-json\/wp\/v2\/product\/45219\/revisions"}],"predecessor-version":[{"id":55708,"href":"https:\/\/imprimeideas.es\/en\/wp-json\/wp\/v2\/product\/45219\/revisions\/55708"}],"wp:featuredmedia":[{"embeddable":true,"href":"https:\/\/imprimeideas.es\/en\/wp-json\/wp\/v2\/media\/69553"}],"wp:attachment":[{"href":"https:\/\/imprimeideas.es\/en\/wp-json\/wp\/v2\/media?parent=45219"}],"wp:term":[{"taxonomy":"product_brand","embeddable":true,"href":"https:\/\/imprimeideas.es\/en\/wp-json\/wp\/v2\/product_brand?post=45219"},{"taxonomy":"product_cat","embeddable":true,"href":"https:\/\/imprimeideas.es\/en\/wp-json\/wp\/v2\/product_cat?post=45219"},{"taxonomy":"product_tag","embeddable":true,"href":"https:\/\/imprimeideas.es\/en\/wp-json\/wp\/v2\/product_tag?post=45219"}],"curies":[{"name":"wp","href":"https:\/\/api.w.org\/{rel}","templated":true}]}}