{"id":45201,"date":"2026-02-24T11:36:08","date_gmt":"2026-02-24T10:36:08","guid":{"rendered":"https:\/\/imprimeideas.es\/?post_type=product&p=45201"},"modified":"2026-02-26T18:23:29","modified_gmt":"2026-02-26T17:23:29","slug":"libreta-teyaki","status":"publish","type":"product","link":"https:\/\/imprimeideas.es\/en\/product\/libreta-teyaki\/","title":{"rendered":"Libreta Teyaki"},"content":{"rendered":"<p>Set de libreta y bol\u00edgrafo fabricado en corcho y cart\u00f3n reciclado. Incluye libreta de anillas con tapas r\u00edgidas en corcho natural, con 80 hojas de disposici\u00f3n a una raya. Incluye bol\u00edgrafo de mecanismo pulsador con cuerpo fabricado en cart\u00f3n reciclado y en tinta azul. Presentado en bolsa de papel reciclado. Elaborado con elementos vegetales para as\u00ed fomentar la utilizaci\u00f3n de materias primas naturales y reducir las emisiones contaminantes.<\/p>","protected":false},"excerpt":{"rendered":"<p>80 Hojas. Bol\u00edgrafo Cart\u00f3n Reciclado Incluido<\/p>","protected":false},"featured_media":85503,"comment_status":"open","ping_status":"open","template":"","meta":{"inline_featured_image":false},"product_brand":[],"product_cat":[122,96],"product_tag":[],"class_list":{"0":"post-45201","1":"product","2":"type-product","3":"status-publish","4":"has-post-thumbnail","6":"product_cat-articulos-sostenibles","7":"product_cat-oficina-y-negocios","9":"first","10":"instock","11":"taxable","12":"shipping-taxable","13":"purchasable","14":"product-type-variable","15":"has-default-attributes"},"aioseo_notices":[],"_links":{"self":[{"href":"https:\/\/imprimeideas.es\/en\/wp-json\/wp\/v2\/product\/45201","targetHints":{"allow":["GET"]}}],"collection":[{"href":"https:\/\/imprimeideas.es\/en\/wp-json\/wp\/v2\/product"}],"about":[{"href":"https:\/\/imprimeideas.es\/en\/wp-json\/wp\/v2\/types\/product"}],"replies":[{"embeddable":true,"href":"https:\/\/imprimeideas.es\/en\/wp-json\/wp\/v2\/comments?post=45201"}],"version-history":[{"count":1,"href":"https:\/\/imprimeideas.es\/en\/wp-json\/wp\/v2\/product\/45201\/revisions"}],"predecessor-version":[{"id":55703,"href":"https:\/\/imprimeideas.es\/en\/wp-json\/wp\/v2\/product\/45201\/revisions\/55703"}],"wp:featuredmedia":[{"embeddable":true,"href":"https:\/\/imprimeideas.es\/en\/wp-json\/wp\/v2\/media\/85503"}],"wp:attachment":[{"href":"https:\/\/imprimeideas.es\/en\/wp-json\/wp\/v2\/media?parent=45201"}],"wp:term":[{"taxonomy":"product_brand","embeddable":true,"href":"https:\/\/imprimeideas.es\/en\/wp-json\/wp\/v2\/product_brand?post=45201"},{"taxonomy":"product_cat","embeddable":true,"href":"https:\/\/imprimeideas.es\/en\/wp-json\/wp\/v2\/product_cat?post=45201"},{"taxonomy":"product_tag","embeddable":true,"href":"https:\/\/imprimeideas.es\/en\/wp-json\/wp\/v2\/product_tag?post=45201"}],"curies":[{"name":"wp","href":"https:\/\/api.w.org\/{rel}","templated":true}]}}