{"id":45192,"date":"2026-02-24T11:36:07","date_gmt":"2026-02-24T10:36:07","guid":{"rendered":"https:\/\/imprimeideas.es\/?post_type=product&p=45192"},"modified":"2026-02-26T18:13:37","modified_gmt":"2026-02-26T17:13:37","slug":"libreta-alfombrilla-staiger","status":"publish","type":"product","link":"https:\/\/imprimeideas.es\/en\/product\/libreta-alfombrilla-staiger\/","title":{"rendered":"Libreta Alfombrilla Staiger"},"content":{"rendered":"<p>Libreta alfombrilla elaborada en RPET 300D con tapas r\u00edgidas. Destaca por su original soporte en la portada con forma ergon\u00f3mica para la mu\u00f1eca y as\u00ed poder usarse como alfombrilla de rat\u00f3n. Incluye marcap\u00e1ginas y un soporte para bol\u00edgrafo a juego. Contiene 100 hojas interiores lisas y est\u00e1 disponible en un elegante color gris. Con logotipo RPET en contraportada y presentada en bolsa individual reciclada.El material RPET se elabora a partir de pl\u00e1stico reciclado, para as\u00ed fomentar la reutilizaci\u00f3n de residuos pl\u00e1sticos y ayudar a la sostenibilidad del planeta.<\/p>","protected":false},"excerpt":{"rendered":"<p>Portada R\u00edgida. 100 Hojas<\/p>","protected":false},"featured_media":72875,"comment_status":"open","ping_status":"open","template":"","meta":{"inline_featured_image":false},"product_brand":[],"product_cat":[122,96],"product_tag":[],"class_list":{"0":"post-45192","1":"product","2":"type-product","3":"status-publish","4":"has-post-thumbnail","6":"product_cat-articulos-sostenibles","7":"product_cat-oficina-y-negocios","9":"first","10":"instock","11":"taxable","12":"shipping-taxable","13":"purchasable","14":"product-type-variable","15":"has-default-attributes"},"aioseo_notices":[],"_links":{"self":[{"href":"https:\/\/imprimeideas.es\/en\/wp-json\/wp\/v2\/product\/45192","targetHints":{"allow":["GET"]}}],"collection":[{"href":"https:\/\/imprimeideas.es\/en\/wp-json\/wp\/v2\/product"}],"about":[{"href":"https:\/\/imprimeideas.es\/en\/wp-json\/wp\/v2\/types\/product"}],"replies":[{"embeddable":true,"href":"https:\/\/imprimeideas.es\/en\/wp-json\/wp\/v2\/comments?post=45192"}],"version-history":[{"count":1,"href":"https:\/\/imprimeideas.es\/en\/wp-json\/wp\/v2\/product\/45192\/revisions"}],"predecessor-version":[{"id":55699,"href":"https:\/\/imprimeideas.es\/en\/wp-json\/wp\/v2\/product\/45192\/revisions\/55699"}],"wp:featuredmedia":[{"embeddable":true,"href":"https:\/\/imprimeideas.es\/en\/wp-json\/wp\/v2\/media\/72875"}],"wp:attachment":[{"href":"https:\/\/imprimeideas.es\/en\/wp-json\/wp\/v2\/media?parent=45192"}],"wp:term":[{"taxonomy":"product_brand","embeddable":true,"href":"https:\/\/imprimeideas.es\/en\/wp-json\/wp\/v2\/product_brand?post=45192"},{"taxonomy":"product_cat","embeddable":true,"href":"https:\/\/imprimeideas.es\/en\/wp-json\/wp\/v2\/product_cat?post=45192"},{"taxonomy":"product_tag","embeddable":true,"href":"https:\/\/imprimeideas.es\/en\/wp-json\/wp\/v2\/product_tag?post=45192"}],"curies":[{"name":"wp","href":"https:\/\/api.w.org\/{rel}","templated":true}]}}