{"id":45181,"date":"2026-02-24T11:36:05","date_gmt":"2026-02-24T10:36:05","guid":{"rendered":"https:\/\/imprimeideas.es\/?post_type=product&p=45181"},"modified":"2026-02-26T18:19:24","modified_gmt":"2026-02-26T17:19:24","slug":"bloc-notas-soporte-jibs","status":"publish","type":"product","link":"https:\/\/imprimeideas.es\/en\/product\/bloc-notas-soporte-jibs\/","title":{"rendered":"Bloc Notas Soporte Jibs"},"content":{"rendered":"<p>Bloc de notas soporte con tapas r\u00edgidas fabricado en RPET 300D y bamb\u00fa. Vers\u00e1til soporte integrado en la portada para smartphone y tablet, confeccionado en bamb\u00fa. Cuenta con el\u00e1stico de cierre y soporte para bol\u00edgrafo a juego. Contiene 80 hojas interiores lisas y est\u00e1 disponible en una amplia gama de colores. Con logotipo RPET en contraportada y presentado en bolsa individual de papel reciclada.El material RPET se elabora a partir de pl\u00e1stico reciclado, para as\u00ed fomentar la reutilizaci\u00f3n de residuos pl\u00e1sticos y ayudar a la sostenibilidad del planeta.<\/p>","protected":false},"excerpt":{"rendered":"<p>Portada R\u00edgida. 80 Hojas<\/p>","protected":false},"featured_media":74013,"comment_status":"open","ping_status":"open","template":"","meta":{"inline_featured_image":false},"product_brand":[],"product_cat":[122,96],"product_tag":[],"class_list":{"0":"post-45181","1":"product","2":"type-product","3":"status-publish","4":"has-post-thumbnail","6":"product_cat-articulos-sostenibles","7":"product_cat-oficina-y-negocios","9":"first","10":"instock","11":"taxable","12":"shipping-taxable","13":"purchasable","14":"product-type-variable","15":"has-default-attributes"},"aioseo_notices":[],"_links":{"self":[{"href":"https:\/\/imprimeideas.es\/en\/wp-json\/wp\/v2\/product\/45181","targetHints":{"allow":["GET"]}}],"collection":[{"href":"https:\/\/imprimeideas.es\/en\/wp-json\/wp\/v2\/product"}],"about":[{"href":"https:\/\/imprimeideas.es\/en\/wp-json\/wp\/v2\/types\/product"}],"replies":[{"embeddable":true,"href":"https:\/\/imprimeideas.es\/en\/wp-json\/wp\/v2\/comments?post=45181"}],"version-history":[{"count":1,"href":"https:\/\/imprimeideas.es\/en\/wp-json\/wp\/v2\/product\/45181\/revisions"}],"predecessor-version":[{"id":55697,"href":"https:\/\/imprimeideas.es\/en\/wp-json\/wp\/v2\/product\/45181\/revisions\/55697"}],"wp:featuredmedia":[{"embeddable":true,"href":"https:\/\/imprimeideas.es\/en\/wp-json\/wp\/v2\/media\/74013"}],"wp:attachment":[{"href":"https:\/\/imprimeideas.es\/en\/wp-json\/wp\/v2\/media?parent=45181"}],"wp:term":[{"taxonomy":"product_brand","embeddable":true,"href":"https:\/\/imprimeideas.es\/en\/wp-json\/wp\/v2\/product_brand?post=45181"},{"taxonomy":"product_cat","embeddable":true,"href":"https:\/\/imprimeideas.es\/en\/wp-json\/wp\/v2\/product_cat?post=45181"},{"taxonomy":"product_tag","embeddable":true,"href":"https:\/\/imprimeideas.es\/en\/wp-json\/wp\/v2\/product_tag?post=45181"}],"curies":[{"name":"wp","href":"https:\/\/api.w.org\/{rel}","templated":true}]}}