{"id":45175,"date":"2026-02-24T11:36:05","date_gmt":"2026-02-24T10:36:05","guid":{"rendered":"https:\/\/imprimeideas.es\/?post_type=product&p=45175"},"modified":"2026-02-26T18:19:22","modified_gmt":"2026-02-26T17:19:22","slug":"bloc-notas-andrik","status":"publish","type":"product","link":"https:\/\/imprimeideas.es\/en\/product\/bloc-notas-andrik\/","title":{"rendered":"Bloc Notas Andrik"},"content":{"rendered":"<p>Bloc de notas con tapas r\u00edgidas fabricadas en RPET, con el lomo en corcho. Incluye interior con 80 hojas lisas, marcap\u00e1ginas, el\u00e1stico de cierre y soporte para bol\u00edgrafo a juego. logotipo RPET en contraportada y disponible en elegantes colores. Presentado en una bolsa individual de papel reciclado.El material RPET se elabora a partir de pl\u00e1stico reciclado, para as\u00ed fomentar la reutilizaci\u00f3n de residuos pl\u00e1sticos y ayudar a la sostenibilidad del planeta.<\/p>","protected":false},"excerpt":{"rendered":"<p>80 Hojas<\/p>","protected":false},"featured_media":86162,"comment_status":"open","ping_status":"open","template":"","meta":{"inline_featured_image":false},"product_brand":[],"product_cat":[122,96],"product_tag":[],"class_list":{"0":"post-45175","1":"product","2":"type-product","3":"status-publish","4":"has-post-thumbnail","6":"product_cat-articulos-sostenibles","7":"product_cat-oficina-y-negocios","9":"first","10":"instock","11":"taxable","12":"shipping-taxable","13":"purchasable","14":"product-type-variable","15":"has-default-attributes"},"aioseo_notices":[],"_links":{"self":[{"href":"https:\/\/imprimeideas.es\/en\/wp-json\/wp\/v2\/product\/45175","targetHints":{"allow":["GET"]}}],"collection":[{"href":"https:\/\/imprimeideas.es\/en\/wp-json\/wp\/v2\/product"}],"about":[{"href":"https:\/\/imprimeideas.es\/en\/wp-json\/wp\/v2\/types\/product"}],"replies":[{"embeddable":true,"href":"https:\/\/imprimeideas.es\/en\/wp-json\/wp\/v2\/comments?post=45175"}],"version-history":[{"count":1,"href":"https:\/\/imprimeideas.es\/en\/wp-json\/wp\/v2\/product\/45175\/revisions"}],"predecessor-version":[{"id":55696,"href":"https:\/\/imprimeideas.es\/en\/wp-json\/wp\/v2\/product\/45175\/revisions\/55696"}],"wp:featuredmedia":[{"embeddable":true,"href":"https:\/\/imprimeideas.es\/en\/wp-json\/wp\/v2\/media\/86162"}],"wp:attachment":[{"href":"https:\/\/imprimeideas.es\/en\/wp-json\/wp\/v2\/media?parent=45175"}],"wp:term":[{"taxonomy":"product_brand","embeddable":true,"href":"https:\/\/imprimeideas.es\/en\/wp-json\/wp\/v2\/product_brand?post=45175"},{"taxonomy":"product_cat","embeddable":true,"href":"https:\/\/imprimeideas.es\/en\/wp-json\/wp\/v2\/product_cat?post=45175"},{"taxonomy":"product_tag","embeddable":true,"href":"https:\/\/imprimeideas.es\/en\/wp-json\/wp\/v2\/product_tag?post=45175"}],"curies":[{"name":"wp","href":"https:\/\/api.w.org\/{rel}","templated":true}]}}