{"id":45173,"date":"2026-02-24T11:36:05","date_gmt":"2026-02-24T10:36:05","guid":{"rendered":"https:\/\/imprimeideas.es\/?post_type=product&p=45173"},"modified":"2026-02-26T18:28:09","modified_gmt":"2026-02-26T17:28:09","slug":"bloc-notas-semillas-baupres","status":"publish","type":"product","link":"https:\/\/imprimeideas.es\/en\/product\/bloc-notas-semillas-baupres\/","title":{"rendered":"Bloc Notas Semillas Baupres"},"content":{"rendered":"<p>Bloc de notas de semillas fabricado en resistente cart\u00f3n reciclado. Con tapas r\u00edgidas, marcap\u00e1ginas y 80 hojas interiores con disposici\u00f3n a una raya en papel reciclado. Adem\u00e1s, en la portada contiene una c\u00e1psula con semillas de flores silvestres, en colores surtidos y con instrucciones de plantado en la cubierta trasera.El cart\u00f3n reciclado proviene del reaprovechamiento de excedente de fabricaciones y reciclaje de papel en el final de su vida \u00fatil, convirti\u00e9ndose en un lienzo ecol\u00f3gico y sostenible.<\/p>","protected":false},"excerpt":{"rendered":"<p>Portada R\u00edgida. 80 Hojas. Flores Silvestres<\/p>","protected":false},"featured_media":75692,"comment_status":"open","ping_status":"open","template":"","meta":{"inline_featured_image":false},"product_brand":[],"product_cat":[122,96],"product_tag":[],"class_list":{"0":"post-45173","1":"product","2":"type-product","3":"status-publish","4":"has-post-thumbnail","6":"product_cat-articulos-sostenibles","7":"product_cat-oficina-y-negocios","9":"first","10":"instock","11":"taxable","12":"shipping-taxable","13":"purchasable","14":"product-type-variable","15":"has-default-attributes"},"aioseo_notices":[],"_links":{"self":[{"href":"https:\/\/imprimeideas.es\/en\/wp-json\/wp\/v2\/product\/45173","targetHints":{"allow":["GET"]}}],"collection":[{"href":"https:\/\/imprimeideas.es\/en\/wp-json\/wp\/v2\/product"}],"about":[{"href":"https:\/\/imprimeideas.es\/en\/wp-json\/wp\/v2\/types\/product"}],"replies":[{"embeddable":true,"href":"https:\/\/imprimeideas.es\/en\/wp-json\/wp\/v2\/comments?post=45173"}],"version-history":[{"count":1,"href":"https:\/\/imprimeideas.es\/en\/wp-json\/wp\/v2\/product\/45173\/revisions"}],"predecessor-version":[{"id":55695,"href":"https:\/\/imprimeideas.es\/en\/wp-json\/wp\/v2\/product\/45173\/revisions\/55695"}],"wp:featuredmedia":[{"embeddable":true,"href":"https:\/\/imprimeideas.es\/en\/wp-json\/wp\/v2\/media\/75692"}],"wp:attachment":[{"href":"https:\/\/imprimeideas.es\/en\/wp-json\/wp\/v2\/media?parent=45173"}],"wp:term":[{"taxonomy":"product_brand","embeddable":true,"href":"https:\/\/imprimeideas.es\/en\/wp-json\/wp\/v2\/product_brand?post=45173"},{"taxonomy":"product_cat","embeddable":true,"href":"https:\/\/imprimeideas.es\/en\/wp-json\/wp\/v2\/product_cat?post=45173"},{"taxonomy":"product_tag","embeddable":true,"href":"https:\/\/imprimeideas.es\/en\/wp-json\/wp\/v2\/product_tag?post=45173"}],"curies":[{"name":"wp","href":"https:\/\/api.w.org\/{rel}","templated":true}]}}