{"id":45167,"date":"2026-02-24T11:36:04","date_gmt":"2026-02-24T10:36:04","guid":{"rendered":"https:\/\/imprimeideas.es\/?post_type=product&p=45167"},"modified":"2026-02-26T18:13:41","modified_gmt":"2026-02-26T17:13:41","slug":"libreta-semillas-derna","status":"publish","type":"product","link":"https:\/\/imprimeideas.es\/en\/product\/libreta-semillas-derna\/","title":{"rendered":"Libreta Semillas Derna"},"content":{"rendered":"<p>Libreta de tapas blandas con portada y contraportada fabricadas en papel de semillas. Con 60 hojas interiores en color blanco lisas. incluye semillas de petunia en ambas cubiertas, convirti\u00e9ndolo as\u00ed en papel plantable al final de su vida \u00fatil. Con instrucciones de plantado y presentado en bolsa individual de papel reciclado.<\/p>","protected":false},"excerpt":{"rendered":"<p>60 Hojas. Semillas de Petunia Incluidas. Flores Colores Surtidos<\/p>","protected":false},"featured_media":75011,"comment_status":"open","ping_status":"open","template":"","meta":{"inline_featured_image":false},"product_brand":[],"product_cat":[122,96],"product_tag":[],"class_list":{"0":"post-45167","1":"product","2":"type-product","3":"status-publish","4":"has-post-thumbnail","6":"product_cat-articulos-sostenibles","7":"product_cat-oficina-y-negocios","9":"first","10":"instock","11":"taxable","12":"shipping-taxable","13":"purchasable","14":"product-type-variable","15":"has-default-attributes"},"aioseo_notices":[],"_links":{"self":[{"href":"https:\/\/imprimeideas.es\/en\/wp-json\/wp\/v2\/product\/45167","targetHints":{"allow":["GET"]}}],"collection":[{"href":"https:\/\/imprimeideas.es\/en\/wp-json\/wp\/v2\/product"}],"about":[{"href":"https:\/\/imprimeideas.es\/en\/wp-json\/wp\/v2\/types\/product"}],"replies":[{"embeddable":true,"href":"https:\/\/imprimeideas.es\/en\/wp-json\/wp\/v2\/comments?post=45167"}],"version-history":[{"count":1,"href":"https:\/\/imprimeideas.es\/en\/wp-json\/wp\/v2\/product\/45167\/revisions"}],"predecessor-version":[{"id":55692,"href":"https:\/\/imprimeideas.es\/en\/wp-json\/wp\/v2\/product\/45167\/revisions\/55692"}],"wp:featuredmedia":[{"embeddable":true,"href":"https:\/\/imprimeideas.es\/en\/wp-json\/wp\/v2\/media\/75011"}],"wp:attachment":[{"href":"https:\/\/imprimeideas.es\/en\/wp-json\/wp\/v2\/media?parent=45167"}],"wp:term":[{"taxonomy":"product_brand","embeddable":true,"href":"https:\/\/imprimeideas.es\/en\/wp-json\/wp\/v2\/product_brand?post=45167"},{"taxonomy":"product_cat","embeddable":true,"href":"https:\/\/imprimeideas.es\/en\/wp-json\/wp\/v2\/product_cat?post=45167"},{"taxonomy":"product_tag","embeddable":true,"href":"https:\/\/imprimeideas.es\/en\/wp-json\/wp\/v2\/product_tag?post=45167"}],"curies":[{"name":"wp","href":"https:\/\/api.w.org\/{rel}","templated":true}]}}