{"id":45156,"date":"2026-02-24T11:36:03","date_gmt":"2026-02-24T10:36:03","guid":{"rendered":"https:\/\/imprimeideas.es\/?post_type=product&p=45156"},"modified":"2026-02-26T18:19:33","modified_gmt":"2026-02-26T17:19:33","slug":"bloc-notas-sublimacion-groly","status":"publish","type":"product","link":"https:\/\/imprimeideas.es\/en\/product\/bloc-notas-sublimacion-groly\/","title":{"rendered":"Bloc Notas Sublimaci\u00f3n Groly"},"content":{"rendered":"<p>Bloc de notas con tapas r\u00edgidas elaboradas con RPET 600D. Con portada y contraportada en blanco, de 100 p\u00e1ginas en lisas, con banda el\u00e1stica y marcap\u00e1ginas en variados y vivos colores. Especialmente dise\u00f1ado para marcaje a todo en sublimaci\u00f3n. Con logotipo RPET en contraportada. Presentado en bolsa individual. El material RPET se elabora a partir de pl\u00e1stico reciclado, para as\u00ed fomentar la reutilizaci\u00f3n de residuos pl\u00e1sticos y ayudar a la sostenibilidad del planeta.<\/p>","protected":false},"excerpt":{"rendered":"<p>Portada R\u00edgida. 100 Hojas<\/p>","protected":false},"featured_media":65700,"comment_status":"open","ping_status":"open","template":"","meta":{"inline_featured_image":false},"product_brand":[],"product_cat":[122,115],"product_tag":[],"class_list":{"0":"post-45156","1":"product","2":"type-product","3":"status-publish","4":"has-post-thumbnail","6":"product_cat-articulos-sostenibles","7":"product_cat-sublimacion","9":"first","10":"instock","11":"taxable","12":"shipping-taxable","13":"purchasable","14":"product-type-variable","15":"has-default-attributes"},"aioseo_notices":[],"_links":{"self":[{"href":"https:\/\/imprimeideas.es\/en\/wp-json\/wp\/v2\/product\/45156","targetHints":{"allow":["GET"]}}],"collection":[{"href":"https:\/\/imprimeideas.es\/en\/wp-json\/wp\/v2\/product"}],"about":[{"href":"https:\/\/imprimeideas.es\/en\/wp-json\/wp\/v2\/types\/product"}],"replies":[{"embeddable":true,"href":"https:\/\/imprimeideas.es\/en\/wp-json\/wp\/v2\/comments?post=45156"}],"version-history":[{"count":1,"href":"https:\/\/imprimeideas.es\/en\/wp-json\/wp\/v2\/product\/45156\/revisions"}],"predecessor-version":[{"id":55689,"href":"https:\/\/imprimeideas.es\/en\/wp-json\/wp\/v2\/product\/45156\/revisions\/55689"}],"wp:featuredmedia":[{"embeddable":true,"href":"https:\/\/imprimeideas.es\/en\/wp-json\/wp\/v2\/media\/65700"}],"wp:attachment":[{"href":"https:\/\/imprimeideas.es\/en\/wp-json\/wp\/v2\/media?parent=45156"}],"wp:term":[{"taxonomy":"product_brand","embeddable":true,"href":"https:\/\/imprimeideas.es\/en\/wp-json\/wp\/v2\/product_brand?post=45156"},{"taxonomy":"product_cat","embeddable":true,"href":"https:\/\/imprimeideas.es\/en\/wp-json\/wp\/v2\/product_cat?post=45156"},{"taxonomy":"product_tag","embeddable":true,"href":"https:\/\/imprimeideas.es\/en\/wp-json\/wp\/v2\/product_tag?post=45156"}],"curies":[{"name":"wp","href":"https:\/\/api.w.org\/{rel}","templated":true}]}}