{"id":45148,"date":"2026-02-24T11:35:35","date_gmt":"2026-02-24T10:35:35","guid":{"rendered":"https:\/\/imprimeideas.es\/?post_type=product&p=45148"},"modified":"2026-02-26T18:19:22","modified_gmt":"2026-02-26T17:19:22","slug":"libreta-nigmar","status":"publish","type":"product","link":"https:\/\/imprimeideas.es\/en\/product\/libreta-nigmar\/","title":{"rendered":"Libreta Nigmar"},"content":{"rendered":"<p>Libreta de anillas dobles A5 con tapas duras fabricadas a partir de hierbas recicladas. 80 hojas con disposici\u00f3n a una raya, de acabado kraft. Logotipo Grass Paper en hojas y contraportada. Presentado en una bolsa individual. El papel de hierba es una alternativa perfecta que garantiza la sostenibilidad en su proceso de fabricaci\u00f3n, reduciendo el impacto medioambiental debido al r\u00e1pido crecimiento y a la baja demanda de recursos necesarios para cultivarlo. Adem\u00e1s en su elaboraci\u00f3n se combina un 50% de base de hierba con otros elementos ecol\u00f3gicos, como madera reciclada.<\/p>","protected":false},"excerpt":{"rendered":"<p>Portada R\u00edgida. 80 Hojas<\/p>","protected":false},"featured_media":66804,"comment_status":"open","ping_status":"open","template":"","meta":{"inline_featured_image":false},"product_brand":[],"product_cat":[122,96],"product_tag":[],"class_list":{"0":"post-45148","1":"product","2":"type-product","3":"status-publish","4":"has-post-thumbnail","6":"product_cat-articulos-sostenibles","7":"product_cat-oficina-y-negocios","9":"first","10":"instock","11":"taxable","12":"shipping-taxable","13":"purchasable","14":"product-type-variable","15":"has-default-attributes"},"aioseo_notices":[],"_links":{"self":[{"href":"https:\/\/imprimeideas.es\/en\/wp-json\/wp\/v2\/product\/45148","targetHints":{"allow":["GET"]}}],"collection":[{"href":"https:\/\/imprimeideas.es\/en\/wp-json\/wp\/v2\/product"}],"about":[{"href":"https:\/\/imprimeideas.es\/en\/wp-json\/wp\/v2\/types\/product"}],"replies":[{"embeddable":true,"href":"https:\/\/imprimeideas.es\/en\/wp-json\/wp\/v2\/comments?post=45148"}],"version-history":[{"count":1,"href":"https:\/\/imprimeideas.es\/en\/wp-json\/wp\/v2\/product\/45148\/revisions"}],"predecessor-version":[{"id":55685,"href":"https:\/\/imprimeideas.es\/en\/wp-json\/wp\/v2\/product\/45148\/revisions\/55685"}],"wp:featuredmedia":[{"embeddable":true,"href":"https:\/\/imprimeideas.es\/en\/wp-json\/wp\/v2\/media\/66804"}],"wp:attachment":[{"href":"https:\/\/imprimeideas.es\/en\/wp-json\/wp\/v2\/media?parent=45148"}],"wp:term":[{"taxonomy":"product_brand","embeddable":true,"href":"https:\/\/imprimeideas.es\/en\/wp-json\/wp\/v2\/product_brand?post=45148"},{"taxonomy":"product_cat","embeddable":true,"href":"https:\/\/imprimeideas.es\/en\/wp-json\/wp\/v2\/product_cat?post=45148"},{"taxonomy":"product_tag","embeddable":true,"href":"https:\/\/imprimeideas.es\/en\/wp-json\/wp\/v2\/product_tag?post=45148"}],"curies":[{"name":"wp","href":"https:\/\/api.w.org\/{rel}","templated":true}]}}