{"id":45146,"date":"2026-02-24T11:35:35","date_gmt":"2026-02-24T10:35:35","guid":{"rendered":"https:\/\/imprimeideas.es\/?post_type=product&p=45146"},"modified":"2026-02-26T18:42:25","modified_gmt":"2026-02-26T17:42:25","slug":"libreta-pacam","status":"publish","type":"product","link":"https:\/\/imprimeideas.es\/en\/product\/libreta-pacam\/","title":{"rendered":"Libreta Pacam"},"content":{"rendered":"<p>Set de libreta y bol\u00edgrafo fabricado en fibra de caf\u00e9. Libreta de anillas dobles con tapas blandas, cierre el\u00e1stico y soporte para el bol\u00edgrafo. De 70 hojas y disposici\u00f3n a una raya. Bol\u00edgrafo de mecanismo pulsador y tinta azul. Incluye logotipo fibra de caf\u00e9 impreso en libreta y bol\u00edgrafo. Presentado en bolsa individual reciclada.La fibra de caf\u00e9 se elabora a partir de los residuos producidos en la obtenci\u00f3n del caf\u00e9. Una alternativa sostenible que favorece la reducci\u00f3n del uso de pl\u00e1sticos, ahorrando energ\u00eda en el proceso de fabricaci\u00f3n y fomentando as\u00ed el cuidado del medio ambiente.<\/p>","protected":false},"excerpt":{"rendered":"<p>70 Hojas. Bol\u00edgrafo Fibra de Caf\u00e9\/ PP Incluido<\/p>","protected":false},"featured_media":83001,"comment_status":"open","ping_status":"open","template":"","meta":{"inline_featured_image":false},"product_brand":[],"product_cat":[122,96],"product_tag":[],"class_list":{"0":"post-45146","1":"product","2":"type-product","3":"status-publish","4":"has-post-thumbnail","6":"product_cat-articulos-sostenibles","7":"product_cat-oficina-y-negocios","9":"first","10":"instock","11":"taxable","12":"shipping-taxable","13":"purchasable","14":"product-type-variable","15":"has-default-attributes"},"aioseo_notices":[],"_links":{"self":[{"href":"https:\/\/imprimeideas.es\/en\/wp-json\/wp\/v2\/product\/45146","targetHints":{"allow":["GET"]}}],"collection":[{"href":"https:\/\/imprimeideas.es\/en\/wp-json\/wp\/v2\/product"}],"about":[{"href":"https:\/\/imprimeideas.es\/en\/wp-json\/wp\/v2\/types\/product"}],"replies":[{"embeddable":true,"href":"https:\/\/imprimeideas.es\/en\/wp-json\/wp\/v2\/comments?post=45146"}],"version-history":[{"count":1,"href":"https:\/\/imprimeideas.es\/en\/wp-json\/wp\/v2\/product\/45146\/revisions"}],"predecessor-version":[{"id":55684,"href":"https:\/\/imprimeideas.es\/en\/wp-json\/wp\/v2\/product\/45146\/revisions\/55684"}],"wp:featuredmedia":[{"embeddable":true,"href":"https:\/\/imprimeideas.es\/en\/wp-json\/wp\/v2\/media\/83001"}],"wp:attachment":[{"href":"https:\/\/imprimeideas.es\/en\/wp-json\/wp\/v2\/media?parent=45146"}],"wp:term":[{"taxonomy":"product_brand","embeddable":true,"href":"https:\/\/imprimeideas.es\/en\/wp-json\/wp\/v2\/product_brand?post=45146"},{"taxonomy":"product_cat","embeddable":true,"href":"https:\/\/imprimeideas.es\/en\/wp-json\/wp\/v2\/product_cat?post=45146"},{"taxonomy":"product_tag","embeddable":true,"href":"https:\/\/imprimeideas.es\/en\/wp-json\/wp\/v2\/product_tag?post=45146"}],"curies":[{"name":"wp","href":"https:\/\/api.w.org\/{rel}","templated":true}]}}