{"id":45144,"date":"2026-02-24T11:35:35","date_gmt":"2026-02-24T10:35:35","guid":{"rendered":"https:\/\/imprimeideas.es\/?post_type=product&p=45144"},"modified":"2026-02-26T18:23:27","modified_gmt":"2026-02-26T17:23:27","slug":"libreta-kenta","status":"publish","type":"product","link":"https:\/\/imprimeideas.es\/en\/product\/libreta-kenta\/","title":{"rendered":"Libreta Kenta"},"content":{"rendered":"<p>Libreta de anillas dobles met\u00e1licas con tapas blandas de cart\u00f3n con hojas fabricadas a partir de extractos de piedra. Contiene 70 hojas color blanco y disposici\u00f3n a una raya, de elegante acabado de color natural. Logotipo Natural Stone en cada hoja. Incluye hoja interior en la que se explica el proceso de fabricaci\u00f3n a partir de extractos de piedra.El material usado en la elaboraci\u00f3n de la libreta es 100% reciclable y libre de cloro, con propiedades impermeables, altamente resistente y lavable, convirti\u00e9ndose as\u00ed en una alternativa ecol\u00f3gica y sostenible frente al papel convencional, cuyo origen no es el tradicional ni proviene de los \u00e1rboles.<\/p>","protected":false},"excerpt":{"rendered":"<p>70 Hojas<\/p>","protected":false},"featured_media":86164,"comment_status":"open","ping_status":"open","template":"","meta":{"inline_featured_image":false},"product_brand":[],"product_cat":[122,96],"product_tag":[],"class_list":{"0":"post-45144","1":"product","2":"type-product","3":"status-publish","4":"has-post-thumbnail","6":"product_cat-articulos-sostenibles","7":"product_cat-oficina-y-negocios","9":"first","10":"instock","11":"taxable","12":"shipping-taxable","13":"purchasable","14":"product-type-variable","15":"has-default-attributes"},"aioseo_notices":[],"_links":{"self":[{"href":"https:\/\/imprimeideas.es\/en\/wp-json\/wp\/v2\/product\/45144","targetHints":{"allow":["GET"]}}],"collection":[{"href":"https:\/\/imprimeideas.es\/en\/wp-json\/wp\/v2\/product"}],"about":[{"href":"https:\/\/imprimeideas.es\/en\/wp-json\/wp\/v2\/types\/product"}],"replies":[{"embeddable":true,"href":"https:\/\/imprimeideas.es\/en\/wp-json\/wp\/v2\/comments?post=45144"}],"version-history":[{"count":1,"href":"https:\/\/imprimeideas.es\/en\/wp-json\/wp\/v2\/product\/45144\/revisions"}],"predecessor-version":[{"id":55683,"href":"https:\/\/imprimeideas.es\/en\/wp-json\/wp\/v2\/product\/45144\/revisions\/55683"}],"wp:featuredmedia":[{"embeddable":true,"href":"https:\/\/imprimeideas.es\/en\/wp-json\/wp\/v2\/media\/86164"}],"wp:attachment":[{"href":"https:\/\/imprimeideas.es\/en\/wp-json\/wp\/v2\/media?parent=45144"}],"wp:term":[{"taxonomy":"product_brand","embeddable":true,"href":"https:\/\/imprimeideas.es\/en\/wp-json\/wp\/v2\/product_brand?post=45144"},{"taxonomy":"product_cat","embeddable":true,"href":"https:\/\/imprimeideas.es\/en\/wp-json\/wp\/v2\/product_cat?post=45144"},{"taxonomy":"product_tag","embeddable":true,"href":"https:\/\/imprimeideas.es\/en\/wp-json\/wp\/v2\/product_tag?post=45144"}],"curies":[{"name":"wp","href":"https:\/\/api.w.org\/{rel}","templated":true}]}}