{"id":45142,"date":"2026-02-24T11:35:35","date_gmt":"2026-02-24T10:35:35","guid":{"rendered":"https:\/\/imprimeideas.es\/?post_type=product&p=45142"},"modified":"2026-02-26T18:23:12","modified_gmt":"2026-02-26T17:23:12","slug":"libreta-heiwor","status":"publish","type":"product","link":"https:\/\/imprimeideas.es\/en\/product\/libreta-heiwor\/","title":{"rendered":"Libreta Heiwor"},"content":{"rendered":"<p>Libreta de tapas duras fabricada a partir de cartones de leche reciclados. Con 80 hojas de disposici\u00f3n a una raya, el\u00e1stico de sujeci\u00f3n a juego y soporte para bol\u00edgrafo. Adem\u00e1s, incluye bol\u00edgrafo fabricado a juego, con mecanismo pulsador y en tinta azul. Logotipo Recycled Milk Cart\u00f3n en la esquina de las hojas, contraportada y bol\u00edgrafo. Presentada en bolsa individual reciclada.Los cartones de leche se componen en su mayor parte de cart\u00f3n y aluminio. Durante su proceso de reciclado, se separan los distintos materiales del envase para su reutilizaci\u00f3n y nuevo uso, contribuyendo as\u00ed a recorrer el camino infinito de la econom\u00eda circular. Este material se caracteriza por su alto grado de reciclabilidad, as\u00ed como por su ligereza y resistencia.<\/p>","protected":false},"excerpt":{"rendered":"<p>Portada R\u00edgida. 80 Hojas. Bol\u00edgrafo Cartones de Leche Reciclados Incluido<\/p>","protected":false},"featured_media":80917,"comment_status":"open","ping_status":"open","template":"","meta":{"inline_featured_image":false},"product_brand":[],"product_cat":[122,96],"product_tag":[],"class_list":{"0":"post-45142","1":"product","2":"type-product","3":"status-publish","4":"has-post-thumbnail","6":"product_cat-articulos-sostenibles","7":"product_cat-oficina-y-negocios","9":"first","10":"instock","11":"taxable","12":"shipping-taxable","13":"purchasable","14":"product-type-variable","15":"has-default-attributes"},"aioseo_notices":[],"_links":{"self":[{"href":"https:\/\/imprimeideas.es\/en\/wp-json\/wp\/v2\/product\/45142","targetHints":{"allow":["GET"]}}],"collection":[{"href":"https:\/\/imprimeideas.es\/en\/wp-json\/wp\/v2\/product"}],"about":[{"href":"https:\/\/imprimeideas.es\/en\/wp-json\/wp\/v2\/types\/product"}],"replies":[{"embeddable":true,"href":"https:\/\/imprimeideas.es\/en\/wp-json\/wp\/v2\/comments?post=45142"}],"version-history":[{"count":1,"href":"https:\/\/imprimeideas.es\/en\/wp-json\/wp\/v2\/product\/45142\/revisions"}],"predecessor-version":[{"id":55682,"href":"https:\/\/imprimeideas.es\/en\/wp-json\/wp\/v2\/product\/45142\/revisions\/55682"}],"wp:featuredmedia":[{"embeddable":true,"href":"https:\/\/imprimeideas.es\/en\/wp-json\/wp\/v2\/media\/80917"}],"wp:attachment":[{"href":"https:\/\/imprimeideas.es\/en\/wp-json\/wp\/v2\/media?parent=45142"}],"wp:term":[{"taxonomy":"product_brand","embeddable":true,"href":"https:\/\/imprimeideas.es\/en\/wp-json\/wp\/v2\/product_brand?post=45142"},{"taxonomy":"product_cat","embeddable":true,"href":"https:\/\/imprimeideas.es\/en\/wp-json\/wp\/v2\/product_cat?post=45142"},{"taxonomy":"product_tag","embeddable":true,"href":"https:\/\/imprimeideas.es\/en\/wp-json\/wp\/v2\/product_tag?post=45142"}],"curies":[{"name":"wp","href":"https:\/\/api.w.org\/{rel}","templated":true}]}}