{"id":45140,"date":"2026-02-24T11:35:34","date_gmt":"2026-02-24T10:35:34","guid":{"rendered":"https:\/\/imprimeideas.es\/?post_type=product&p=45140"},"modified":"2026-02-26T18:32:56","modified_gmt":"2026-02-26T17:32:56","slug":"libreta-edilax","status":"publish","type":"product","link":"https:\/\/imprimeideas.es\/en\/product\/libreta-edilax\/","title":{"rendered":"Libreta Edilax"},"content":{"rendered":"<p>Libreta de anillas doble met\u00e1licas A5 con tapas duras fabricado a partir de cartones de leche reciclados. Interior con 80 hojas color natural a una raya microperforadas y el\u00e1stico de cierre en color natural. Logotipo Recycled Milk Carton en contra portada y presentada en bolsa individual reciclada.Los cartones de leche se componen en su mayor parte de cart\u00f3n y aluminio. Durante su proceso de reciclado, se separan los distintos materiales del envase para su reutilizaci\u00f3n y nuevo uso, contribuyendo as\u00ed a recorrer el camino infinito de la econom\u00eda circular. Este material se caracteriza por su alto grado de reciclabilidad, as\u00ed como por su ligereza y resistencia.<\/p>","protected":false},"excerpt":{"rendered":"<p>Portada R\u00edgida. 80 Hojas<\/p>","protected":false},"featured_media":77595,"comment_status":"open","ping_status":"open","template":"","meta":{"inline_featured_image":false},"product_brand":[],"product_cat":[122,96],"product_tag":[],"class_list":{"0":"post-45140","1":"product","2":"type-product","3":"status-publish","4":"has-post-thumbnail","6":"product_cat-articulos-sostenibles","7":"product_cat-oficina-y-negocios","9":"first","10":"instock","11":"taxable","12":"shipping-taxable","13":"purchasable","14":"product-type-variable","15":"has-default-attributes"},"aioseo_notices":[],"_links":{"self":[{"href":"https:\/\/imprimeideas.es\/en\/wp-json\/wp\/v2\/product\/45140","targetHints":{"allow":["GET"]}}],"collection":[{"href":"https:\/\/imprimeideas.es\/en\/wp-json\/wp\/v2\/product"}],"about":[{"href":"https:\/\/imprimeideas.es\/en\/wp-json\/wp\/v2\/types\/product"}],"replies":[{"embeddable":true,"href":"https:\/\/imprimeideas.es\/en\/wp-json\/wp\/v2\/comments?post=45140"}],"version-history":[{"count":1,"href":"https:\/\/imprimeideas.es\/en\/wp-json\/wp\/v2\/product\/45140\/revisions"}],"predecessor-version":[{"id":55681,"href":"https:\/\/imprimeideas.es\/en\/wp-json\/wp\/v2\/product\/45140\/revisions\/55681"}],"wp:featuredmedia":[{"embeddable":true,"href":"https:\/\/imprimeideas.es\/en\/wp-json\/wp\/v2\/media\/77595"}],"wp:attachment":[{"href":"https:\/\/imprimeideas.es\/en\/wp-json\/wp\/v2\/media?parent=45140"}],"wp:term":[{"taxonomy":"product_brand","embeddable":true,"href":"https:\/\/imprimeideas.es\/en\/wp-json\/wp\/v2\/product_brand?post=45140"},{"taxonomy":"product_cat","embeddable":true,"href":"https:\/\/imprimeideas.es\/en\/wp-json\/wp\/v2\/product_cat?post=45140"},{"taxonomy":"product_tag","embeddable":true,"href":"https:\/\/imprimeideas.es\/en\/wp-json\/wp\/v2\/product_tag?post=45140"}],"curies":[{"name":"wp","href":"https:\/\/api.w.org\/{rel}","templated":true}]}}