{"id":45138,"date":"2026-02-24T11:35:34","date_gmt":"2026-02-24T10:35:34","guid":{"rendered":"https:\/\/imprimeideas.es\/?post_type=product&p=45138"},"modified":"2026-02-26T18:13:44","modified_gmt":"2026-02-26T17:13:44","slug":"portanotas-vidmar","status":"publish","type":"product","link":"https:\/\/imprimeideas.es\/en\/product\/portanotas-vidmar\/","title":{"rendered":"Portanotas Vidmar"},"content":{"rendered":"<p>Portanotas con tapas r\u00edgidas fabricadas a partir de cartones de leche reciclados. Con 200 hojas lisas de 7,7 x 5 x 8 cm. Logotipo Recycled Milk Carton en la base trasera y presentado individualmente en bolsa reciclada.Los cartones de leche se componen en su mayor parte de cart\u00f3n y aluminio. Durante su proceso de reciclado, se separan los distintos materiales del envase para su reutilizaci\u00f3n y nuevo uso, contribuyendo as\u00ed a recorrer el camino infinito de la econom\u00eda circular. Este material se caracteriza por su alto grado de reciclabilidad, as\u00ed como por su ligereza y resistencia.<\/p>","protected":false},"excerpt":{"rendered":"<p>200 Hojas 7,5 x 8 cm<\/p>","protected":false},"featured_media":67318,"comment_status":"open","ping_status":"open","template":"","meta":{"inline_featured_image":false},"product_brand":[],"product_cat":[122,96],"product_tag":[],"class_list":{"0":"post-45138","1":"product","2":"type-product","3":"status-publish","4":"has-post-thumbnail","6":"product_cat-articulos-sostenibles","7":"product_cat-oficina-y-negocios","9":"first","10":"instock","11":"taxable","12":"shipping-taxable","13":"purchasable","14":"product-type-variable","15":"has-default-attributes"},"aioseo_notices":[],"_links":{"self":[{"href":"https:\/\/imprimeideas.es\/en\/wp-json\/wp\/v2\/product\/45138","targetHints":{"allow":["GET"]}}],"collection":[{"href":"https:\/\/imprimeideas.es\/en\/wp-json\/wp\/v2\/product"}],"about":[{"href":"https:\/\/imprimeideas.es\/en\/wp-json\/wp\/v2\/types\/product"}],"replies":[{"embeddable":true,"href":"https:\/\/imprimeideas.es\/en\/wp-json\/wp\/v2\/comments?post=45138"}],"version-history":[{"count":1,"href":"https:\/\/imprimeideas.es\/en\/wp-json\/wp\/v2\/product\/45138\/revisions"}],"predecessor-version":[{"id":55680,"href":"https:\/\/imprimeideas.es\/en\/wp-json\/wp\/v2\/product\/45138\/revisions\/55680"}],"wp:featuredmedia":[{"embeddable":true,"href":"https:\/\/imprimeideas.es\/en\/wp-json\/wp\/v2\/media\/67318"}],"wp:attachment":[{"href":"https:\/\/imprimeideas.es\/en\/wp-json\/wp\/v2\/media?parent=45138"}],"wp:term":[{"taxonomy":"product_brand","embeddable":true,"href":"https:\/\/imprimeideas.es\/en\/wp-json\/wp\/v2\/product_brand?post=45138"},{"taxonomy":"product_cat","embeddable":true,"href":"https:\/\/imprimeideas.es\/en\/wp-json\/wp\/v2\/product_cat?post=45138"},{"taxonomy":"product_tag","embeddable":true,"href":"https:\/\/imprimeideas.es\/en\/wp-json\/wp\/v2\/product_tag?post=45138"}],"curies":[{"name":"wp","href":"https:\/\/api.w.org\/{rel}","templated":true}]}}