{"id":45126,"date":"2026-02-24T11:35:33","date_gmt":"2026-02-24T10:35:33","guid":{"rendered":"https:\/\/imprimeideas.es\/?post_type=product&p=45126"},"modified":"2026-02-26T18:23:20","modified_gmt":"2026-02-26T17:23:20","slug":"carpeta-linnoa","status":"publish","type":"product","link":"https:\/\/imprimeideas.es\/en\/product\/carpeta-linnoa\/","title":{"rendered":"Carpeta Linnoa"},"content":{"rendered":"<p>Pr\u00e1ctica carpeta fabricada en RPET 600D. Con un interior eficiente que incluye compartimentos para 4 tarjetas, 3 bolsillos el\u00e1sticos para dispositivos m\u00f3viles, y un amplio espacio para folios. Este organizador tambi\u00e9n presenta un pr\u00e1ctico soporte para bol\u00edgrafos y un bloc de notas con 20 hojas a rayas. Puede mantenerse cerrado de manera segura gracias a su solapa imantada. Disponible en elegantes colores y presentado individualmente en bolsa reciclada. El material RPET se elabora a partir de pl\u00e1stico reciclado, para as\u00ed fomentar la reutilizaci\u00f3n de residuos pl\u00e1sticos y ayudar a la sostenibilidad del planeta.<\/p>","protected":false},"excerpt":{"rendered":"<p>Bloc 20 Hojas<\/p>","protected":false},"featured_media":79420,"comment_status":"open","ping_status":"open","template":"","meta":{"inline_featured_image":false},"product_brand":[],"product_cat":[122,96],"product_tag":[],"class_list":{"0":"post-45126","1":"product","2":"type-product","3":"status-publish","4":"has-post-thumbnail","6":"product_cat-articulos-sostenibles","7":"product_cat-oficina-y-negocios","9":"first","10":"instock","11":"taxable","12":"shipping-taxable","13":"purchasable","14":"product-type-variable","15":"has-default-attributes"},"aioseo_notices":[],"_links":{"self":[{"href":"https:\/\/imprimeideas.es\/en\/wp-json\/wp\/v2\/product\/45126","targetHints":{"allow":["GET"]}}],"collection":[{"href":"https:\/\/imprimeideas.es\/en\/wp-json\/wp\/v2\/product"}],"about":[{"href":"https:\/\/imprimeideas.es\/en\/wp-json\/wp\/v2\/types\/product"}],"replies":[{"embeddable":true,"href":"https:\/\/imprimeideas.es\/en\/wp-json\/wp\/v2\/comments?post=45126"}],"version-history":[{"count":1,"href":"https:\/\/imprimeideas.es\/en\/wp-json\/wp\/v2\/product\/45126\/revisions"}],"predecessor-version":[{"id":55675,"href":"https:\/\/imprimeideas.es\/en\/wp-json\/wp\/v2\/product\/45126\/revisions\/55675"}],"wp:featuredmedia":[{"embeddable":true,"href":"https:\/\/imprimeideas.es\/en\/wp-json\/wp\/v2\/media\/79420"}],"wp:attachment":[{"href":"https:\/\/imprimeideas.es\/en\/wp-json\/wp\/v2\/media?parent=45126"}],"wp:term":[{"taxonomy":"product_brand","embeddable":true,"href":"https:\/\/imprimeideas.es\/en\/wp-json\/wp\/v2\/product_brand?post=45126"},{"taxonomy":"product_cat","embeddable":true,"href":"https:\/\/imprimeideas.es\/en\/wp-json\/wp\/v2\/product_cat?post=45126"},{"taxonomy":"product_tag","embeddable":true,"href":"https:\/\/imprimeideas.es\/en\/wp-json\/wp\/v2\/product_tag?post=45126"}],"curies":[{"name":"wp","href":"https:\/\/api.w.org\/{rel}","templated":true}]}}