{"id":45118,"date":"2026-02-24T11:35:32","date_gmt":"2026-02-24T10:35:32","guid":{"rendered":"https:\/\/imprimeideas.es\/?post_type=product&p=45118"},"modified":"2026-02-26T18:13:56","modified_gmt":"2026-02-26T17:13:56","slug":"lanyard-mapik","status":"publish","type":"product","link":"https:\/\/imprimeideas.es\/en\/product\/lanyard-mapik\/","title":{"rendered":"Lanyard Mapik"},"content":{"rendered":"<p>Lanyard Rainbow multicolor, fabricado en suave poli\u00e9ster. Con mosquet\u00f3n met\u00e1lico giratorio y accesorio de seguridad en el cuello. Todo un orgullo de lanyard.<\/p>","protected":false},"excerpt":{"rendered":"<p>Cierre Seguridad<\/p>","protected":false},"featured_media":49747,"comment_status":"open","ping_status":"open","template":"","meta":{"inline_featured_image":false},"product_brand":[],"product_cat":[113,106],"product_tag":[],"class_list":{"0":"post-45118","1":"product","2":"type-product","3":"status-publish","4":"has-post-thumbnail","6":"product_cat-eventos-y-fiesta","7":"product_cat-regalos-y-premiums","9":"first","10":"instock","11":"taxable","12":"shipping-taxable","13":"purchasable","14":"product-type-variable","15":"has-default-attributes"},"aioseo_notices":[],"_links":{"self":[{"href":"https:\/\/imprimeideas.es\/en\/wp-json\/wp\/v2\/product\/45118","targetHints":{"allow":["GET"]}}],"collection":[{"href":"https:\/\/imprimeideas.es\/en\/wp-json\/wp\/v2\/product"}],"about":[{"href":"https:\/\/imprimeideas.es\/en\/wp-json\/wp\/v2\/types\/product"}],"replies":[{"embeddable":true,"href":"https:\/\/imprimeideas.es\/en\/wp-json\/wp\/v2\/comments?post=45118"}],"version-history":[{"count":1,"href":"https:\/\/imprimeideas.es\/en\/wp-json\/wp\/v2\/product\/45118\/revisions"}],"predecessor-version":[{"id":55673,"href":"https:\/\/imprimeideas.es\/en\/wp-json\/wp\/v2\/product\/45118\/revisions\/55673"}],"wp:featuredmedia":[{"embeddable":true,"href":"https:\/\/imprimeideas.es\/en\/wp-json\/wp\/v2\/media\/49747"}],"wp:attachment":[{"href":"https:\/\/imprimeideas.es\/en\/wp-json\/wp\/v2\/media?parent=45118"}],"wp:term":[{"taxonomy":"product_brand","embeddable":true,"href":"https:\/\/imprimeideas.es\/en\/wp-json\/wp\/v2\/product_brand?post=45118"},{"taxonomy":"product_cat","embeddable":true,"href":"https:\/\/imprimeideas.es\/en\/wp-json\/wp\/v2\/product_cat?post=45118"},{"taxonomy":"product_tag","embeddable":true,"href":"https:\/\/imprimeideas.es\/en\/wp-json\/wp\/v2\/product_tag?post=45118"}],"curies":[{"name":"wp","href":"https:\/\/api.w.org\/{rel}","templated":true}]}}