{"id":45102,"date":"2026-02-24T11:35:30","date_gmt":"2026-02-24T10:35:30","guid":{"rendered":"https:\/\/imprimeideas.es\/?post_type=product&p=45102"},"modified":"2026-02-26T18:37:34","modified_gmt":"2026-02-26T17:37:34","slug":"funda-ordenador-portatil-brunap","status":"publish","type":"product","link":"https:\/\/imprimeideas.es\/en\/product\/funda-ordenador-portatil-brunap\/","title":{"rendered":"Funda Ordenador Port\u00e1til Brunap"},"content":{"rendered":"<p>Pr\u00e1ctica funda de ordenador port\u00e1til fabricada en soft shell. Capacidad para un port\u00e1til m\u00e1ximo de 15 pulgadas en color negro.<\/p>","protected":false},"excerpt":{"rendered":"<p>Pr\u00e1ctica funda de ordenador port\u00e1til fabricada en soft shell. Capacidad para un port\u00e1til m\u00e1ximo de 15 pulgadas en color negro.<\/p>","protected":false},"featured_media":80462,"comment_status":"open","ping_status":"open","template":"","meta":{"inline_featured_image":false},"product_brand":[],"product_cat":[96],"product_tag":[],"class_list":{"0":"post-45102","1":"product","2":"type-product","3":"status-publish","4":"has-post-thumbnail","6":"product_cat-oficina-y-negocios","8":"first","9":"instock","10":"taxable","11":"shipping-taxable","12":"purchasable","13":"product-type-variable","14":"has-default-attributes"},"aioseo_notices":[],"_links":{"self":[{"href":"https:\/\/imprimeideas.es\/en\/wp-json\/wp\/v2\/product\/45102","targetHints":{"allow":["GET"]}}],"collection":[{"href":"https:\/\/imprimeideas.es\/en\/wp-json\/wp\/v2\/product"}],"about":[{"href":"https:\/\/imprimeideas.es\/en\/wp-json\/wp\/v2\/types\/product"}],"replies":[{"embeddable":true,"href":"https:\/\/imprimeideas.es\/en\/wp-json\/wp\/v2\/comments?post=45102"}],"version-history":[{"count":1,"href":"https:\/\/imprimeideas.es\/en\/wp-json\/wp\/v2\/product\/45102\/revisions"}],"predecessor-version":[{"id":55666,"href":"https:\/\/imprimeideas.es\/en\/wp-json\/wp\/v2\/product\/45102\/revisions\/55666"}],"wp:featuredmedia":[{"embeddable":true,"href":"https:\/\/imprimeideas.es\/en\/wp-json\/wp\/v2\/media\/80462"}],"wp:attachment":[{"href":"https:\/\/imprimeideas.es\/en\/wp-json\/wp\/v2\/media?parent=45102"}],"wp:term":[{"taxonomy":"product_brand","embeddable":true,"href":"https:\/\/imprimeideas.es\/en\/wp-json\/wp\/v2\/product_brand?post=45102"},{"taxonomy":"product_cat","embeddable":true,"href":"https:\/\/imprimeideas.es\/en\/wp-json\/wp\/v2\/product_cat?post=45102"},{"taxonomy":"product_tag","embeddable":true,"href":"https:\/\/imprimeideas.es\/en\/wp-json\/wp\/v2\/product_tag?post=45102"}],"curies":[{"name":"wp","href":"https:\/\/api.w.org\/{rel}","templated":true}]}}