{"id":45098,"date":"2026-02-24T11:35:30","date_gmt":"2026-02-24T10:35:30","guid":{"rendered":"https:\/\/imprimeideas.es\/?post_type=product&p=45098"},"modified":"2026-02-26T18:19:22","modified_gmt":"2026-02-26T17:19:22","slug":"lapicero-portanotas-arolax","status":"publish","type":"product","link":"https:\/\/imprimeideas.es\/en\/product\/lapicero-portanotas-arolax\/","title":{"rendered":"Lapicero Portanotas Arolax"},"content":{"rendered":"<p>Portanotas fabricado en cart\u00f3n reciclado. Pr\u00e1ctico cubo desplegable con 320 hojas de 7,5&#215;7,5 cm y 125 mininotas adhesivas de 1,5x5cm en variados colores, con pr\u00e1ctico hueco para usar como lapicero. El cart\u00f3n reciclado proviene del reaprovechamiento de excedente de fabricaciones y reciclaje de papel en el final de su vida \u00fatil, convirti\u00e9ndose en un lienzo ecol\u00f3gico y sostenible.<\/p>","protected":false},"excerpt":{"rendered":"<p>320 Hojas 7,5 x 7,5 cm. 125 Mininotas Adhesivas 1,2 x 4,5 cm<\/p>","protected":false},"featured_media":71566,"comment_status":"open","ping_status":"open","template":"","meta":{"inline_featured_image":false},"product_brand":[],"product_cat":[122,96],"product_tag":[],"class_list":{"0":"post-45098","1":"product","2":"type-product","3":"status-publish","4":"has-post-thumbnail","6":"product_cat-articulos-sostenibles","7":"product_cat-oficina-y-negocios","9":"first","10":"instock","11":"taxable","12":"shipping-taxable","13":"purchasable","14":"product-type-variable","15":"has-default-attributes"},"aioseo_notices":[],"_links":{"self":[{"href":"https:\/\/imprimeideas.es\/en\/wp-json\/wp\/v2\/product\/45098","targetHints":{"allow":["GET"]}}],"collection":[{"href":"https:\/\/imprimeideas.es\/en\/wp-json\/wp\/v2\/product"}],"about":[{"href":"https:\/\/imprimeideas.es\/en\/wp-json\/wp\/v2\/types\/product"}],"replies":[{"embeddable":true,"href":"https:\/\/imprimeideas.es\/en\/wp-json\/wp\/v2\/comments?post=45098"}],"version-history":[{"count":1,"href":"https:\/\/imprimeideas.es\/en\/wp-json\/wp\/v2\/product\/45098\/revisions"}],"predecessor-version":[{"id":55664,"href":"https:\/\/imprimeideas.es\/en\/wp-json\/wp\/v2\/product\/45098\/revisions\/55664"}],"wp:featuredmedia":[{"embeddable":true,"href":"https:\/\/imprimeideas.es\/en\/wp-json\/wp\/v2\/media\/71566"}],"wp:attachment":[{"href":"https:\/\/imprimeideas.es\/en\/wp-json\/wp\/v2\/media?parent=45098"}],"wp:term":[{"taxonomy":"product_brand","embeddable":true,"href":"https:\/\/imprimeideas.es\/en\/wp-json\/wp\/v2\/product_brand?post=45098"},{"taxonomy":"product_cat","embeddable":true,"href":"https:\/\/imprimeideas.es\/en\/wp-json\/wp\/v2\/product_cat?post=45098"},{"taxonomy":"product_tag","embeddable":true,"href":"https:\/\/imprimeideas.es\/en\/wp-json\/wp\/v2\/product_tag?post=45098"}],"curies":[{"name":"wp","href":"https:\/\/api.w.org\/{rel}","templated":true}]}}