{"id":45094,"date":"2026-02-24T11:35:29","date_gmt":"2026-02-24T10:35:29","guid":{"rendered":"https:\/\/imprimeideas.es\/?post_type=product&p=45094"},"modified":"2026-02-26T18:08:09","modified_gmt":"2026-02-26T17:08:09","slug":"regla-marcapaginas-loiza","status":"publish","type":"product","link":"https:\/\/imprimeideas.es\/en\/product\/regla-marcapaginas-loiza\/","title":{"rendered":"Regla Marcap\u00e1ginas Loiza"},"content":{"rendered":"<p>Original regla marcap\u00e1ginas hecho en ca\u00f1a de trigo. Pr\u00e1ctico utensilio de medida de hasta 10cm con pesta\u00f1a para usar como marcap\u00e1ginas y goma el\u00e1stica para sujetar bol\u00edgrafos. Fabricado en ca\u00f1a de trigo y poli\u00e9ster. Presentado individualmente en una bolsa de papel reciclada. La ca\u00f1a de trigo fomenta la utilizaci\u00f3n de materias primas naturales, reduciendo as\u00ed las emisiones contaminantes.<\/p>","protected":false},"excerpt":{"rendered":"<p>10 cm<\/p>","protected":false},"featured_media":69207,"comment_status":"open","ping_status":"open","template":"","meta":{"inline_featured_image":false},"product_brand":[],"product_cat":[122,96],"product_tag":[],"class_list":{"0":"post-45094","1":"product","2":"type-product","3":"status-publish","4":"has-post-thumbnail","6":"product_cat-articulos-sostenibles","7":"product_cat-oficina-y-negocios","9":"first","10":"instock","11":"taxable","12":"shipping-taxable","13":"purchasable","14":"product-type-variable","15":"has-default-attributes"},"aioseo_notices":[],"_links":{"self":[{"href":"https:\/\/imprimeideas.es\/en\/wp-json\/wp\/v2\/product\/45094","targetHints":{"allow":["GET"]}}],"collection":[{"href":"https:\/\/imprimeideas.es\/en\/wp-json\/wp\/v2\/product"}],"about":[{"href":"https:\/\/imprimeideas.es\/en\/wp-json\/wp\/v2\/types\/product"}],"replies":[{"embeddable":true,"href":"https:\/\/imprimeideas.es\/en\/wp-json\/wp\/v2\/comments?post=45094"}],"version-history":[{"count":1,"href":"https:\/\/imprimeideas.es\/en\/wp-json\/wp\/v2\/product\/45094\/revisions"}],"predecessor-version":[{"id":55662,"href":"https:\/\/imprimeideas.es\/en\/wp-json\/wp\/v2\/product\/45094\/revisions\/55662"}],"wp:featuredmedia":[{"embeddable":true,"href":"https:\/\/imprimeideas.es\/en\/wp-json\/wp\/v2\/media\/69207"}],"wp:attachment":[{"href":"https:\/\/imprimeideas.es\/en\/wp-json\/wp\/v2\/media?parent=45094"}],"wp:term":[{"taxonomy":"product_brand","embeddable":true,"href":"https:\/\/imprimeideas.es\/en\/wp-json\/wp\/v2\/product_brand?post=45094"},{"taxonomy":"product_cat","embeddable":true,"href":"https:\/\/imprimeideas.es\/en\/wp-json\/wp\/v2\/product_cat?post=45094"},{"taxonomy":"product_tag","embeddable":true,"href":"https:\/\/imprimeideas.es\/en\/wp-json\/wp\/v2\/product_tag?post=45094"}],"curies":[{"name":"wp","href":"https:\/\/api.w.org\/{rel}","templated":true}]}}