{"id":45090,"date":"2026-02-24T11:35:29","date_gmt":"2026-02-24T10:35:29","guid":{"rendered":"https:\/\/imprimeideas.es\/?post_type=product&p=45090"},"modified":"2026-02-26T18:19:21","modified_gmt":"2026-02-26T17:19:21","slug":"identificador-lanyard-beryel","status":"publish","type":"product","link":"https:\/\/imprimeideas.es\/en\/product\/identificador-lanyard-beryel\/","title":{"rendered":"Identificador Lanyard Beryel"},"content":{"rendered":"<p>Identificador lanyard fabricado en corcho. Suave cord\u00f3n hecho con corcho natural con cierre de mosquet\u00f3n giratorio y un portatarjetas con ventanilla de PVC. Elaborado con elementos vegetales para as\u00ed fomentar la utilizaci\u00f3n de materias primas naturales y reducir las emisiones contaminantes.<\/p>","protected":false},"excerpt":{"rendered":"<p>Identificador lanyard fabricado en corcho. Suave cord\u00f3n hecho con corcho natural con cierre de mosquet\u00f3n giratorio y un portatarjetas con<\/p>","protected":false},"featured_media":80799,"comment_status":"open","ping_status":"open","template":"","meta":{"inline_featured_image":false},"product_brand":[],"product_cat":[122,113,96],"product_tag":[],"class_list":{"0":"post-45090","1":"product","2":"type-product","3":"status-publish","4":"has-post-thumbnail","6":"product_cat-articulos-sostenibles","7":"product_cat-eventos-y-fiesta","8":"product_cat-oficina-y-negocios","10":"first","11":"instock","12":"taxable","13":"shipping-taxable","14":"purchasable","15":"product-type-variable","16":"has-default-attributes"},"aioseo_notices":[],"_links":{"self":[{"href":"https:\/\/imprimeideas.es\/en\/wp-json\/wp\/v2\/product\/45090","targetHints":{"allow":["GET"]}}],"collection":[{"href":"https:\/\/imprimeideas.es\/en\/wp-json\/wp\/v2\/product"}],"about":[{"href":"https:\/\/imprimeideas.es\/en\/wp-json\/wp\/v2\/types\/product"}],"replies":[{"embeddable":true,"href":"https:\/\/imprimeideas.es\/en\/wp-json\/wp\/v2\/comments?post=45090"}],"version-history":[{"count":1,"href":"https:\/\/imprimeideas.es\/en\/wp-json\/wp\/v2\/product\/45090\/revisions"}],"predecessor-version":[{"id":55660,"href":"https:\/\/imprimeideas.es\/en\/wp-json\/wp\/v2\/product\/45090\/revisions\/55660"}],"wp:featuredmedia":[{"embeddable":true,"href":"https:\/\/imprimeideas.es\/en\/wp-json\/wp\/v2\/media\/80799"}],"wp:attachment":[{"href":"https:\/\/imprimeideas.es\/en\/wp-json\/wp\/v2\/media?parent=45090"}],"wp:term":[{"taxonomy":"product_brand","embeddable":true,"href":"https:\/\/imprimeideas.es\/en\/wp-json\/wp\/v2\/product_brand?post=45090"},{"taxonomy":"product_cat","embeddable":true,"href":"https:\/\/imprimeideas.es\/en\/wp-json\/wp\/v2\/product_cat?post=45090"},{"taxonomy":"product_tag","embeddable":true,"href":"https:\/\/imprimeideas.es\/en\/wp-json\/wp\/v2\/product_tag?post=45090"}],"curies":[{"name":"wp","href":"https:\/\/api.w.org\/{rel}","templated":true}]}}