{"id":45088,"date":"2026-02-24T11:35:28","date_gmt":"2026-02-24T10:35:28","guid":{"rendered":"https:\/\/imprimeideas.es\/?post_type=product&p=45088"},"modified":"2026-02-26T18:37:39","modified_gmt":"2026-02-26T17:37:39","slug":"set-oficina-alisio","status":"publish","type":"product","link":"https:\/\/imprimeideas.es\/en\/product\/set-oficina-alisio\/","title":{"rendered":"Set Oficina Alisio"},"content":{"rendered":"<p>Pr\u00e1ctico set de oficina hecho en cart\u00f3n reciclado. F\u00e1cil de transportar gracias a su estuche hecho en cart\u00f3n reciclado. Contenido: 110 notas adhesivas de 5x5cm en dos colores. 110 mininotas adhesivas en forma de flecha de 1,5x5cm en 5 llamativos colores. Regla de 12cmBol\u00edgrafo de cart\u00f3n reciclado con tinta azul. Set presentado en bolsa individual de papel reciclada. El cart\u00f3n reciclado proviene del reaprovechamiento de excedente de fabricaciones y reciclaje de papel en el final de su vida \u00fatil, convirti\u00e9ndose en un lienzo ecol\u00f3gico y sostenible.<\/p>","protected":false},"excerpt":{"rendered":"<p>220 Notas Adhesivas 4 x 4,5 cm. 550 Mininotas Adhesivas 1,2 x 4,5 cm. Regla 12 cm. Bol\u00edgrafo Cart\u00f3n Reciclado<\/p>","protected":false},"featured_media":47101,"comment_status":"open","ping_status":"open","template":"","meta":{"inline_featured_image":false},"product_brand":[],"product_cat":[122,96],"product_tag":[],"class_list":{"0":"post-45088","1":"product","2":"type-product","3":"status-publish","4":"has-post-thumbnail","6":"product_cat-articulos-sostenibles","7":"product_cat-oficina-y-negocios","9":"first","10":"instock","11":"taxable","12":"shipping-taxable","13":"purchasable","14":"product-type-variable","15":"has-default-attributes"},"aioseo_notices":[],"_links":{"self":[{"href":"https:\/\/imprimeideas.es\/en\/wp-json\/wp\/v2\/product\/45088","targetHints":{"allow":["GET"]}}],"collection":[{"href":"https:\/\/imprimeideas.es\/en\/wp-json\/wp\/v2\/product"}],"about":[{"href":"https:\/\/imprimeideas.es\/en\/wp-json\/wp\/v2\/types\/product"}],"replies":[{"embeddable":true,"href":"https:\/\/imprimeideas.es\/en\/wp-json\/wp\/v2\/comments?post=45088"}],"version-history":[{"count":1,"href":"https:\/\/imprimeideas.es\/en\/wp-json\/wp\/v2\/product\/45088\/revisions"}],"predecessor-version":[{"id":55659,"href":"https:\/\/imprimeideas.es\/en\/wp-json\/wp\/v2\/product\/45088\/revisions\/55659"}],"wp:featuredmedia":[{"embeddable":true,"href":"https:\/\/imprimeideas.es\/en\/wp-json\/wp\/v2\/media\/47101"}],"wp:attachment":[{"href":"https:\/\/imprimeideas.es\/en\/wp-json\/wp\/v2\/media?parent=45088"}],"wp:term":[{"taxonomy":"product_brand","embeddable":true,"href":"https:\/\/imprimeideas.es\/en\/wp-json\/wp\/v2\/product_brand?post=45088"},{"taxonomy":"product_cat","embeddable":true,"href":"https:\/\/imprimeideas.es\/en\/wp-json\/wp\/v2\/product_cat?post=45088"},{"taxonomy":"product_tag","embeddable":true,"href":"https:\/\/imprimeideas.es\/en\/wp-json\/wp\/v2\/product_tag?post=45088"}],"curies":[{"name":"wp","href":"https:\/\/api.w.org\/{rel}","templated":true}]}}