{"id":45086,"date":"2026-02-24T11:35:28","date_gmt":"2026-02-24T10:35:28","guid":{"rendered":"https:\/\/imprimeideas.es\/?post_type=product&p=45086"},"modified":"2026-02-25T20:13:12","modified_gmt":"2026-02-25T19:13:12","slug":"organizador-kosinen","status":"publish","type":"product","link":"https:\/\/imprimeideas.es\/en\/product\/organizador-kosinen\/","title":{"rendered":"Organizador Kosinen"},"content":{"rendered":"<p>Pr\u00e1ctico organizador de mesa fabricado en bamb\u00fa, aportando un estilo moderno y funcional a la mesa. Con pr\u00e1ctica base para guardar objetos como clips o notas adhesivas, y parte superior con tarjetero y soporte para dispositivos m\u00f3viles. Presentado en una caja de dise\u00f1o kraft. Materiales como el bamb\u00fa fomentan la utilizaci\u00f3n de materias primas naturales, reduciendo las emisiones contaminantes. Proviene de una planta de gran resistencia y versatilidad, con crecimiento y regeneraci\u00f3n r\u00e1pidos, siendo una excelente alternativa al uso de madera tradicional.<\/p>","protected":false},"excerpt":{"rendered":"<p>Pr\u00e1ctico organizador de mesa fabricado en bamb\u00fa, aportando un estilo moderno y funcional a la mesa. Con pr\u00e1ctica base para<\/p>","protected":false},"featured_media":77261,"comment_status":"open","ping_status":"open","template":"","meta":{"inline_featured_image":false},"product_brand":[],"product_cat":[122,96,95],"product_tag":[],"class_list":{"0":"post-45086","1":"product","2":"type-product","3":"status-publish","4":"has-post-thumbnail","6":"product_cat-articulos-sostenibles","7":"product_cat-oficina-y-negocios","8":"product_cat-tecnologia-y-accesorios","10":"first","11":"outofstock","12":"taxable","13":"shipping-taxable","14":"purchasable","15":"product-type-variable","16":"has-default-attributes"},"aioseo_notices":[],"_links":{"self":[{"href":"https:\/\/imprimeideas.es\/en\/wp-json\/wp\/v2\/product\/45086","targetHints":{"allow":["GET"]}}],"collection":[{"href":"https:\/\/imprimeideas.es\/en\/wp-json\/wp\/v2\/product"}],"about":[{"href":"https:\/\/imprimeideas.es\/en\/wp-json\/wp\/v2\/types\/product"}],"replies":[{"embeddable":true,"href":"https:\/\/imprimeideas.es\/en\/wp-json\/wp\/v2\/comments?post=45086"}],"version-history":[{"count":1,"href":"https:\/\/imprimeideas.es\/en\/wp-json\/wp\/v2\/product\/45086\/revisions"}],"predecessor-version":[{"id":55658,"href":"https:\/\/imprimeideas.es\/en\/wp-json\/wp\/v2\/product\/45086\/revisions\/55658"}],"wp:featuredmedia":[{"embeddable":true,"href":"https:\/\/imprimeideas.es\/en\/wp-json\/wp\/v2\/media\/77261"}],"wp:attachment":[{"href":"https:\/\/imprimeideas.es\/en\/wp-json\/wp\/v2\/media?parent=45086"}],"wp:term":[{"taxonomy":"product_brand","embeddable":true,"href":"https:\/\/imprimeideas.es\/en\/wp-json\/wp\/v2\/product_brand?post=45086"},{"taxonomy":"product_cat","embeddable":true,"href":"https:\/\/imprimeideas.es\/en\/wp-json\/wp\/v2\/product_cat?post=45086"},{"taxonomy":"product_tag","embeddable":true,"href":"https:\/\/imprimeideas.es\/en\/wp-json\/wp\/v2\/product_tag?post=45086"}],"curies":[{"name":"wp","href":"https:\/\/api.w.org\/{rel}","templated":true}]}}