{"id":45084,"date":"2026-02-24T11:35:28","date_gmt":"2026-02-24T10:35:28","guid":{"rendered":"https:\/\/imprimeideas.es\/?post_type=product&p=45084"},"modified":"2026-02-26T18:19:33","modified_gmt":"2026-02-26T17:19:33","slug":"masajeador-facial-lisey","status":"publish","type":"product","link":"https:\/\/imprimeideas.es\/en\/product\/masajeador-facial-lisey\/","title":{"rendered":"Masajeador Facial Lisey"},"content":{"rendered":"<p>Limpiador facial el\u00e9ctrico. Eficaz instrumento de belleza para limpiar en profundidad la piel del rostro mediante la vibraci\u00f3n, provocando placentero masaje con su base plana y ayudando a abrir los poros para una mejor higienizaci\u00f3n. Con posibilidad de escoger entre corrientes positivas o negativas, funciona con pila de bot\u00f3n (incluida). Presentado en una caja de dise\u00f1o kraft.<\/p>","protected":false},"excerpt":{"rendered":"<p>2 Posiciones. Pila Bot\u00f3n Incluida<\/p>","protected":false},"featured_media":82711,"comment_status":"open","ping_status":"open","template":"","meta":{"inline_featured_image":false},"product_brand":[],"product_cat":[107],"product_tag":[],"class_list":{"0":"post-45084","1":"product","2":"type-product","3":"status-publish","4":"has-post-thumbnail","6":"product_cat-cuidado-personal-y-pharma","8":"first","9":"instock","10":"taxable","11":"shipping-taxable","12":"purchasable","13":"product-type-variable","14":"has-default-attributes"},"aioseo_notices":[],"_links":{"self":[{"href":"https:\/\/imprimeideas.es\/en\/wp-json\/wp\/v2\/product\/45084","targetHints":{"allow":["GET"]}}],"collection":[{"href":"https:\/\/imprimeideas.es\/en\/wp-json\/wp\/v2\/product"}],"about":[{"href":"https:\/\/imprimeideas.es\/en\/wp-json\/wp\/v2\/types\/product"}],"replies":[{"embeddable":true,"href":"https:\/\/imprimeideas.es\/en\/wp-json\/wp\/v2\/comments?post=45084"}],"version-history":[{"count":1,"href":"https:\/\/imprimeideas.es\/en\/wp-json\/wp\/v2\/product\/45084\/revisions"}],"predecessor-version":[{"id":55657,"href":"https:\/\/imprimeideas.es\/en\/wp-json\/wp\/v2\/product\/45084\/revisions\/55657"}],"wp:featuredmedia":[{"embeddable":true,"href":"https:\/\/imprimeideas.es\/en\/wp-json\/wp\/v2\/media\/82711"}],"wp:attachment":[{"href":"https:\/\/imprimeideas.es\/en\/wp-json\/wp\/v2\/media?parent=45084"}],"wp:term":[{"taxonomy":"product_brand","embeddable":true,"href":"https:\/\/imprimeideas.es\/en\/wp-json\/wp\/v2\/product_brand?post=45084"},{"taxonomy":"product_cat","embeddable":true,"href":"https:\/\/imprimeideas.es\/en\/wp-json\/wp\/v2\/product_cat?post=45084"},{"taxonomy":"product_tag","embeddable":true,"href":"https:\/\/imprimeideas.es\/en\/wp-json\/wp\/v2\/product_tag?post=45084"}],"curies":[{"name":"wp","href":"https:\/\/api.w.org\/{rel}","templated":true}]}}