{"id":45080,"date":"2026-02-24T11:35:27","date_gmt":"2026-02-24T10:35:27","guid":{"rendered":"https:\/\/imprimeideas.es\/?post_type=product&p=45080"},"modified":"2026-02-26T18:08:24","modified_gmt":"2026-02-26T17:08:24","slug":"difusor-aromatico-boucher","status":"publish","type":"product","link":"https:\/\/imprimeideas.es\/en\/product\/difusor-aromatico-boucher\/","title":{"rendered":"Difusor Arom\u00e1tico Boucher"},"content":{"rendered":"<p>Elegante y decorativo humidificador con difusor arom\u00e1tico integrado con sal del Himalaya. Con luz led en iluminaci\u00f3n multicolor y vaporizaci\u00f3n continua. Dep\u00f3sito de 150 ml, para uso en estancias de hasta 25m2, y cable de corriente USB. Incluye 10 ml de aroma a lavanda. Presentado en caja de dise\u00f1o kraft.<\/p>","protected":false},"excerpt":{"rendered":"<p>Piedras Rosas de Sal del Himalaya. Aceite 10 ml. Aroma Lavanda. Luces Led Multicolor. 150 ml. 1 Posici\u00f3n de Vapor. Conexi\u00f3n USB<\/p>","protected":false},"featured_media":85620,"comment_status":"open","ping_status":"open","template":"","meta":{"inline_featured_image":false},"product_brand":[],"product_cat":[104,106],"product_tag":[],"class_list":{"0":"post-45080","1":"product","2":"type-product","3":"status-publish","4":"has-post-thumbnail","6":"product_cat-hogar-y-decoracion","7":"product_cat-regalos-y-premiums","9":"first","10":"instock","11":"taxable","12":"shipping-taxable","13":"purchasable","14":"product-type-variable","15":"has-default-attributes"},"aioseo_notices":[],"_links":{"self":[{"href":"https:\/\/imprimeideas.es\/en\/wp-json\/wp\/v2\/product\/45080","targetHints":{"allow":["GET"]}}],"collection":[{"href":"https:\/\/imprimeideas.es\/en\/wp-json\/wp\/v2\/product"}],"about":[{"href":"https:\/\/imprimeideas.es\/en\/wp-json\/wp\/v2\/types\/product"}],"replies":[{"embeddable":true,"href":"https:\/\/imprimeideas.es\/en\/wp-json\/wp\/v2\/comments?post=45080"}],"version-history":[{"count":1,"href":"https:\/\/imprimeideas.es\/en\/wp-json\/wp\/v2\/product\/45080\/revisions"}],"predecessor-version":[{"id":55655,"href":"https:\/\/imprimeideas.es\/en\/wp-json\/wp\/v2\/product\/45080\/revisions\/55655"}],"wp:featuredmedia":[{"embeddable":true,"href":"https:\/\/imprimeideas.es\/en\/wp-json\/wp\/v2\/media\/85620"}],"wp:attachment":[{"href":"https:\/\/imprimeideas.es\/en\/wp-json\/wp\/v2\/media?parent=45080"}],"wp:term":[{"taxonomy":"product_brand","embeddable":true,"href":"https:\/\/imprimeideas.es\/en\/wp-json\/wp\/v2\/product_brand?post=45080"},{"taxonomy":"product_cat","embeddable":true,"href":"https:\/\/imprimeideas.es\/en\/wp-json\/wp\/v2\/product_cat?post=45080"},{"taxonomy":"product_tag","embeddable":true,"href":"https:\/\/imprimeideas.es\/en\/wp-json\/wp\/v2\/product_tag?post=45080"}],"curies":[{"name":"wp","href":"https:\/\/api.w.org\/{rel}","templated":true}]}}