{"id":45064,"date":"2026-02-24T11:35:26","date_gmt":"2026-02-24T10:35:26","guid":{"rendered":"https:\/\/imprimeideas.es\/?post_type=product&p=45064"},"modified":"2026-02-26T18:42:25","modified_gmt":"2026-02-26T17:42:25","slug":"mochila-vexira","status":"publish","type":"product","link":"https:\/\/imprimeideas.es\/en\/product\/mochila-vexira\/","title":{"rendered":"Mochila Vexira"},"content":{"rendered":"<p>Mochila de cuerdas confeccionada en material 100% algod\u00f3n reciclado de 120 g\/m2. Las cuerdas de autocierre tambi\u00e9n est\u00e1n fabricadas en algod\u00f3n con argollas de tela. La base presenta un color natural a juego con las cuerdas, con el logotipo eco visible en la etiqueta lateral. Disponible en una variada gama de colores nature. Resistencia hasta 6kg de peso.<\/p>","protected":false},"excerpt":{"rendered":"<p>Mochila de cuerdas confeccionada en material 100% algod\u00f3n reciclado de 120 g\/m2. Las cuerdas de autocierre tambi\u00e9n est\u00e1n fabricadas en<\/p>","protected":false},"featured_media":76165,"comment_status":"open","ping_status":"open","template":"","meta":{"inline_featured_image":false},"product_brand":[],"product_cat":[122,94],"product_tag":[],"class_list":{"0":"post-45064","1":"product","2":"type-product","3":"status-publish","4":"has-post-thumbnail","6":"product_cat-articulos-sostenibles","7":"product_cat-mochilas","9":"first","10":"instock","11":"taxable","12":"shipping-taxable","13":"purchasable","14":"product-type-variable","15":"has-default-attributes"},"aioseo_notices":[],"_links":{"self":[{"href":"https:\/\/imprimeideas.es\/en\/wp-json\/wp\/v2\/product\/45064","targetHints":{"allow":["GET"]}}],"collection":[{"href":"https:\/\/imprimeideas.es\/en\/wp-json\/wp\/v2\/product"}],"about":[{"href":"https:\/\/imprimeideas.es\/en\/wp-json\/wp\/v2\/types\/product"}],"replies":[{"embeddable":true,"href":"https:\/\/imprimeideas.es\/en\/wp-json\/wp\/v2\/comments?post=45064"}],"version-history":[{"count":1,"href":"https:\/\/imprimeideas.es\/en\/wp-json\/wp\/v2\/product\/45064\/revisions"}],"predecessor-version":[{"id":55652,"href":"https:\/\/imprimeideas.es\/en\/wp-json\/wp\/v2\/product\/45064\/revisions\/55652"}],"wp:featuredmedia":[{"embeddable":true,"href":"https:\/\/imprimeideas.es\/en\/wp-json\/wp\/v2\/media\/76165"}],"wp:attachment":[{"href":"https:\/\/imprimeideas.es\/en\/wp-json\/wp\/v2\/media?parent=45064"}],"wp:term":[{"taxonomy":"product_brand","embeddable":true,"href":"https:\/\/imprimeideas.es\/en\/wp-json\/wp\/v2\/product_brand?post=45064"},{"taxonomy":"product_cat","embeddable":true,"href":"https:\/\/imprimeideas.es\/en\/wp-json\/wp\/v2\/product_cat?post=45064"},{"taxonomy":"product_tag","embeddable":true,"href":"https:\/\/imprimeideas.es\/en\/wp-json\/wp\/v2\/product_tag?post=45064"}],"curies":[{"name":"wp","href":"https:\/\/api.w.org\/{rel}","templated":true}]}}