{"id":45057,"date":"2026-02-24T11:35:25","date_gmt":"2026-02-24T10:35:25","guid":{"rendered":"https:\/\/imprimeideas.es\/?post_type=product&p=45057"},"modified":"2026-02-26T18:23:26","modified_gmt":"2026-02-26T17:23:26","slug":"mochila-uznam","status":"publish","type":"product","link":"https:\/\/imprimeideas.es\/en\/product\/mochila-uznam\/","title":{"rendered":"Mochila Uznam"},"content":{"rendered":"<p>Mochila de cuerdas fabricada en suave poli\u00e9ster RPET 210D. Cuenta con cuerdas de autocierre negras en argollas de tela. Incluye un bolsillo frontal de rejilla con cierre de cremallera a juego. Logotipo RPET en etiqueta lateral y est\u00e1 disponible en una variada gama de colores (color blanco especialmente fabricado para marcaje en sublimaci\u00f3n).El material RPET se elabora a partir de pl\u00e1stico reciclado, para as\u00ed fomentar la reutilizaci\u00f3n de residuos pl\u00e1sticos y ayudar a la sostenibilidad del planeta.<\/p>","protected":false},"excerpt":{"rendered":"<p>Mochila de cuerdas fabricada en suave poli\u00e9ster RPET 210D. Cuenta con cuerdas de autocierre negras en argollas de tela. Incluye<\/p>","protected":false},"featured_media":75369,"comment_status":"open","ping_status":"open","template":"","meta":{"inline_featured_image":false},"product_brand":[],"product_cat":[122,94],"product_tag":[],"class_list":{"0":"post-45057","1":"product","2":"type-product","3":"status-publish","4":"has-post-thumbnail","6":"product_cat-articulos-sostenibles","7":"product_cat-mochilas","9":"first","10":"instock","11":"taxable","12":"shipping-taxable","13":"purchasable","14":"product-type-variable","15":"has-default-attributes"},"aioseo_notices":[],"_links":{"self":[{"href":"https:\/\/imprimeideas.es\/en\/wp-json\/wp\/v2\/product\/45057","targetHints":{"allow":["GET"]}}],"collection":[{"href":"https:\/\/imprimeideas.es\/en\/wp-json\/wp\/v2\/product"}],"about":[{"href":"https:\/\/imprimeideas.es\/en\/wp-json\/wp\/v2\/types\/product"}],"replies":[{"embeddable":true,"href":"https:\/\/imprimeideas.es\/en\/wp-json\/wp\/v2\/comments?post=45057"}],"version-history":[{"count":1,"href":"https:\/\/imprimeideas.es\/en\/wp-json\/wp\/v2\/product\/45057\/revisions"}],"predecessor-version":[{"id":55651,"href":"https:\/\/imprimeideas.es\/en\/wp-json\/wp\/v2\/product\/45057\/revisions\/55651"}],"wp:featuredmedia":[{"embeddable":true,"href":"https:\/\/imprimeideas.es\/en\/wp-json\/wp\/v2\/media\/75369"}],"wp:attachment":[{"href":"https:\/\/imprimeideas.es\/en\/wp-json\/wp\/v2\/media?parent=45057"}],"wp:term":[{"taxonomy":"product_brand","embeddable":true,"href":"https:\/\/imprimeideas.es\/en\/wp-json\/wp\/v2\/product_brand?post=45057"},{"taxonomy":"product_cat","embeddable":true,"href":"https:\/\/imprimeideas.es\/en\/wp-json\/wp\/v2\/product_cat?post=45057"},{"taxonomy":"product_tag","embeddable":true,"href":"https:\/\/imprimeideas.es\/en\/wp-json\/wp\/v2\/product_tag?post=45057"}],"curies":[{"name":"wp","href":"https:\/\/api.w.org\/{rel}","templated":true}]}}