{"id":45038,"date":"2026-02-24T11:35:22","date_gmt":"2026-02-24T10:35:22","guid":{"rendered":"https:\/\/imprimeideas.es\/?post_type=product&p=45038"},"modified":"2026-02-26T18:13:44","modified_gmt":"2026-02-26T17:13:44","slug":"mochila-portadorsal-selasi","status":"publish","type":"product","link":"https:\/\/imprimeideas.es\/en\/product\/mochila-portadorsal-selasi\/","title":{"rendered":"Mochila Portadorsal Selasi"},"content":{"rendered":"<p>Mochila de cuerdas confeccionada en suave poli\u00e9ster 210D. Posee cuerdas de autocierre, esquinas reforzadas en negro y argollas met\u00e1licas de refuerzo. Cuenta con un bolsillo frontal portadorsal y est\u00e1 disponible en una variada gama de colores (color blanco especialmente fabricado para marcaje en sublimaci\u00f3n).<\/p>","protected":false},"excerpt":{"rendered":"<p>Mochila de cuerdas confeccionada en suave poli\u00e9ster 210D. Posee cuerdas de autocierre, esquinas reforzadas en negro y argollas met\u00e1licas de<\/p>","protected":false},"featured_media":62581,"comment_status":"open","ping_status":"open","template":"","meta":{"inline_featured_image":false},"product_brand":[],"product_cat":[94],"product_tag":[],"class_list":{"0":"post-45038","1":"product","2":"type-product","3":"status-publish","4":"has-post-thumbnail","6":"product_cat-mochilas","8":"first","9":"instock","10":"taxable","11":"shipping-taxable","12":"purchasable","13":"product-type-variable","14":"has-default-attributes"},"aioseo_notices":[],"_links":{"self":[{"href":"https:\/\/imprimeideas.es\/en\/wp-json\/wp\/v2\/product\/45038","targetHints":{"allow":["GET"]}}],"collection":[{"href":"https:\/\/imprimeideas.es\/en\/wp-json\/wp\/v2\/product"}],"about":[{"href":"https:\/\/imprimeideas.es\/en\/wp-json\/wp\/v2\/types\/product"}],"replies":[{"embeddable":true,"href":"https:\/\/imprimeideas.es\/en\/wp-json\/wp\/v2\/comments?post=45038"}],"version-history":[{"count":1,"href":"https:\/\/imprimeideas.es\/en\/wp-json\/wp\/v2\/product\/45038\/revisions"}],"predecessor-version":[{"id":55648,"href":"https:\/\/imprimeideas.es\/en\/wp-json\/wp\/v2\/product\/45038\/revisions\/55648"}],"wp:featuredmedia":[{"embeddable":true,"href":"https:\/\/imprimeideas.es\/en\/wp-json\/wp\/v2\/media\/62581"}],"wp:attachment":[{"href":"https:\/\/imprimeideas.es\/en\/wp-json\/wp\/v2\/media?parent=45038"}],"wp:term":[{"taxonomy":"product_brand","embeddable":true,"href":"https:\/\/imprimeideas.es\/en\/wp-json\/wp\/v2\/product_brand?post=45038"},{"taxonomy":"product_cat","embeddable":true,"href":"https:\/\/imprimeideas.es\/en\/wp-json\/wp\/v2\/product_cat?post=45038"},{"taxonomy":"product_tag","embeddable":true,"href":"https:\/\/imprimeideas.es\/en\/wp-json\/wp\/v2\/product_tag?post=45038"}],"curies":[{"name":"wp","href":"https:\/\/api.w.org\/{rel}","templated":true}]}}