{"id":45033,"date":"2026-02-24T11:35:22","date_gmt":"2026-02-24T10:35:22","guid":{"rendered":"https:\/\/imprimeideas.es\/?post_type=product&p=45033"},"modified":"2026-02-26T18:08:24","modified_gmt":"2026-02-26T17:08:24","slug":"rinonera-bolger","status":"publish","type":"product","link":"https:\/\/imprimeideas.es\/en\/product\/rinonera-bolger\/","title":{"rendered":"Ri\u00f1onera Bolger"},"content":{"rendered":"<p>Ri\u00f1onera fabricada en algod\u00f3n 100% reciclado GRS de 220g\/m2. Cuenta con un bolsillo central con cierre de doble cremallera y una cinta ajustable con cierre de clip. Disponible en una variada gama de colores y con logotipo algod\u00f3n reciclado en la etiqueta exterior. Disponible certificaci\u00f3n GRS (Global Recycled Standard \/ Est\u00e1ndar de Reciclaje Global), que garantiza el origen reciclado del material usado para fabricar el producto.<\/p>","protected":false},"excerpt":{"rendered":"<p>Ri\u00f1onera fabricada en algod\u00f3n 100% reciclado GRS de 220g\/m2. Cuenta con un bolsillo central con cierre de doble cremallera y<\/p>","protected":false},"featured_media":80099,"comment_status":"open","ping_status":"open","template":"","meta":{"inline_featured_image":false},"product_brand":[],"product_cat":[122,94],"product_tag":[],"class_list":{"0":"post-45033","1":"product","2":"type-product","3":"status-publish","4":"has-post-thumbnail","6":"product_cat-articulos-sostenibles","7":"product_cat-mochilas","9":"first","10":"instock","11":"taxable","12":"shipping-taxable","13":"purchasable","14":"product-type-variable","15":"has-default-attributes"},"aioseo_notices":[],"_links":{"self":[{"href":"https:\/\/imprimeideas.es\/en\/wp-json\/wp\/v2\/product\/45033","targetHints":{"allow":["GET"]}}],"collection":[{"href":"https:\/\/imprimeideas.es\/en\/wp-json\/wp\/v2\/product"}],"about":[{"href":"https:\/\/imprimeideas.es\/en\/wp-json\/wp\/v2\/types\/product"}],"replies":[{"embeddable":true,"href":"https:\/\/imprimeideas.es\/en\/wp-json\/wp\/v2\/comments?post=45033"}],"version-history":[{"count":1,"href":"https:\/\/imprimeideas.es\/en\/wp-json\/wp\/v2\/product\/45033\/revisions"}],"predecessor-version":[{"id":55647,"href":"https:\/\/imprimeideas.es\/en\/wp-json\/wp\/v2\/product\/45033\/revisions\/55647"}],"wp:featuredmedia":[{"embeddable":true,"href":"https:\/\/imprimeideas.es\/en\/wp-json\/wp\/v2\/media\/80099"}],"wp:attachment":[{"href":"https:\/\/imprimeideas.es\/en\/wp-json\/wp\/v2\/media?parent=45033"}],"wp:term":[{"taxonomy":"product_brand","embeddable":true,"href":"https:\/\/imprimeideas.es\/en\/wp-json\/wp\/v2\/product_brand?post=45033"},{"taxonomy":"product_cat","embeddable":true,"href":"https:\/\/imprimeideas.es\/en\/wp-json\/wp\/v2\/product_cat?post=45033"},{"taxonomy":"product_tag","embeddable":true,"href":"https:\/\/imprimeideas.es\/en\/wp-json\/wp\/v2\/product_tag?post=45033"}],"curies":[{"name":"wp","href":"https:\/\/api.w.org\/{rel}","templated":true}]}}