{"id":45025,"date":"2026-02-24T11:35:21","date_gmt":"2026-02-24T10:35:21","guid":{"rendered":"https:\/\/imprimeideas.es\/?post_type=product&p=45025"},"modified":"2026-02-26T18:42:29","modified_gmt":"2026-02-26T17:42:29","slug":"bolso-monik","status":"publish","type":"product","link":"https:\/\/imprimeideas.es\/en\/product\/bolso-monik\/","title":{"rendered":"Bolso Monik"},"content":{"rendered":"<p>Bolso de gran capacidad fabricado en resistente RPET 600D. Cuenta con cierre de cremallera de doble asa de mano con cierre de velcro, y un bolsillo frontal con cierre de cremallera. Dispone de asa ajustable para un c\u00f3modo transporte con enganche y doble asa con cierre de velcro. Disponible en varios colores. Incluye etiqueta distintiva de RPET. Presentado en una bolsa individual reciclada.El material RPET se elabora a partir de pl\u00e1stico reciclado, para as\u00ed fomentar la reutilizaci\u00f3n de residuos pl\u00e1sticos y ayudar a la sostenibilidad del planeta.<\/p>","protected":false},"excerpt":{"rendered":"<p>Bolso de gran capacidad fabricado en resistente RPET 600D. Cuenta con cierre de cremallera de doble asa de mano con<\/p>","protected":false},"featured_media":62329,"comment_status":"open","ping_status":"open","template":"","meta":{"inline_featured_image":false},"product_brand":[],"product_cat":[122,94],"product_tag":[],"class_list":{"0":"post-45025","1":"product","2":"type-product","3":"status-publish","4":"has-post-thumbnail","6":"product_cat-articulos-sostenibles","7":"product_cat-mochilas","9":"first","10":"instock","11":"taxable","12":"shipping-taxable","13":"purchasable","14":"product-type-variable","15":"has-default-attributes"},"aioseo_notices":[],"_links":{"self":[{"href":"https:\/\/imprimeideas.es\/en\/wp-json\/wp\/v2\/product\/45025","targetHints":{"allow":["GET"]}}],"collection":[{"href":"https:\/\/imprimeideas.es\/en\/wp-json\/wp\/v2\/product"}],"about":[{"href":"https:\/\/imprimeideas.es\/en\/wp-json\/wp\/v2\/types\/product"}],"replies":[{"embeddable":true,"href":"https:\/\/imprimeideas.es\/en\/wp-json\/wp\/v2\/comments?post=45025"}],"version-history":[{"count":1,"href":"https:\/\/imprimeideas.es\/en\/wp-json\/wp\/v2\/product\/45025\/revisions"}],"predecessor-version":[{"id":55645,"href":"https:\/\/imprimeideas.es\/en\/wp-json\/wp\/v2\/product\/45025\/revisions\/55645"}],"wp:featuredmedia":[{"embeddable":true,"href":"https:\/\/imprimeideas.es\/en\/wp-json\/wp\/v2\/media\/62329"}],"wp:attachment":[{"href":"https:\/\/imprimeideas.es\/en\/wp-json\/wp\/v2\/media?parent=45025"}],"wp:term":[{"taxonomy":"product_brand","embeddable":true,"href":"https:\/\/imprimeideas.es\/en\/wp-json\/wp\/v2\/product_brand?post=45025"},{"taxonomy":"product_cat","embeddable":true,"href":"https:\/\/imprimeideas.es\/en\/wp-json\/wp\/v2\/product_cat?post=45025"},{"taxonomy":"product_tag","embeddable":true,"href":"https:\/\/imprimeideas.es\/en\/wp-json\/wp\/v2\/product_tag?post=45025"}],"curies":[{"name":"wp","href":"https:\/\/api.w.org\/{rel}","templated":true}]}}