{"id":45019,"date":"2026-02-24T11:35:20","date_gmt":"2026-02-24T10:35:20","guid":{"rendered":"https:\/\/imprimeideas.es\/?post_type=product&p=45019"},"modified":"2026-02-26T18:28:04","modified_gmt":"2026-02-26T17:28:04","slug":"rinonera-bandolera-stiva","status":"publish","type":"product","link":"https:\/\/imprimeideas.es\/en\/product\/rinonera-bandolera-stiva\/","title":{"rendered":"Ri\u00f1onera Bandolera Stiva"},"content":{"rendered":"<p>Ri\u00f1onera de dise\u00f1o estilizado fabricada en poli\u00e9ster RPET 600D. Cuenta con un bolsillo central de cierre cremallera, con doble tirador y cinta ajustable. Adem\u00e1s, incluye etiqueta distintiva de RPET. Disponible en una variada gama de colores. Presentada en bolsa reciclada.El material RPET se elabora a partir de pl\u00e1stico reciclado, para as\u00ed fomentar la reutilizaci\u00f3n de residuos pl\u00e1sticos y ayudar a la sostenibilidad del planeta.<\/p>","protected":false},"excerpt":{"rendered":"<p>Ri\u00f1onera de dise\u00f1o estilizado fabricada en poli\u00e9ster RPET 600D. Cuenta con un bolsillo central de cierre cremallera, con doble tirador<\/p>","protected":false},"featured_media":86184,"comment_status":"open","ping_status":"open","template":"","meta":{"inline_featured_image":false},"product_brand":[],"product_cat":[122,94],"product_tag":[],"class_list":{"0":"post-45019","1":"product","2":"type-product","3":"status-publish","4":"has-post-thumbnail","6":"product_cat-articulos-sostenibles","7":"product_cat-mochilas","9":"first","10":"instock","11":"taxable","12":"shipping-taxable","13":"purchasable","14":"product-type-variable","15":"has-default-attributes"},"aioseo_notices":[],"_links":{"self":[{"href":"https:\/\/imprimeideas.es\/en\/wp-json\/wp\/v2\/product\/45019","targetHints":{"allow":["GET"]}}],"collection":[{"href":"https:\/\/imprimeideas.es\/en\/wp-json\/wp\/v2\/product"}],"about":[{"href":"https:\/\/imprimeideas.es\/en\/wp-json\/wp\/v2\/types\/product"}],"replies":[{"embeddable":true,"href":"https:\/\/imprimeideas.es\/en\/wp-json\/wp\/v2\/comments?post=45019"}],"version-history":[{"count":1,"href":"https:\/\/imprimeideas.es\/en\/wp-json\/wp\/v2\/product\/45019\/revisions"}],"predecessor-version":[{"id":55644,"href":"https:\/\/imprimeideas.es\/en\/wp-json\/wp\/v2\/product\/45019\/revisions\/55644"}],"wp:featuredmedia":[{"embeddable":true,"href":"https:\/\/imprimeideas.es\/en\/wp-json\/wp\/v2\/media\/86184"}],"wp:attachment":[{"href":"https:\/\/imprimeideas.es\/en\/wp-json\/wp\/v2\/media?parent=45019"}],"wp:term":[{"taxonomy":"product_brand","embeddable":true,"href":"https:\/\/imprimeideas.es\/en\/wp-json\/wp\/v2\/product_brand?post=45019"},{"taxonomy":"product_cat","embeddable":true,"href":"https:\/\/imprimeideas.es\/en\/wp-json\/wp\/v2\/product_cat?post=45019"},{"taxonomy":"product_tag","embeddable":true,"href":"https:\/\/imprimeideas.es\/en\/wp-json\/wp\/v2\/product_tag?post=45019"}],"curies":[{"name":"wp","href":"https:\/\/api.w.org\/{rel}","templated":true}]}}