{"id":45016,"date":"2026-02-24T11:35:20","date_gmt":"2026-02-24T10:35:20","guid":{"rendered":"https:\/\/imprimeideas.es\/?post_type=product&p=45016"},"modified":"2026-02-26T18:23:20","modified_gmt":"2026-02-26T17:23:20","slug":"rinonera-bandolera-vexen","status":"publish","type":"product","link":"https:\/\/imprimeideas.es\/en\/product\/rinonera-bandolera-vexen\/","title":{"rendered":"Ri\u00f1onera Bandolera Vexen"},"content":{"rendered":"<p>Ri\u00f1onera de dise\u00f1o rectangular fabricada en poli\u00e9ster RPET 600D. Cuenta con un bolsillo central cierre de cremallera, con doble tirador, y cinta ajustable con cierre de hebilla. Adem\u00e1s incluye etiqueta distintiva de RPET y viene presentada individualmente en bolsa reciclada.El material RPET se elabora a partir de pl\u00e1stico reciclado, para as\u00ed fomentar la reutilizaci\u00f3n de residuos pl\u00e1sticos y ayudar a la sostenibilidad del planeta.<\/p>","protected":false},"excerpt":{"rendered":"<p>Ri\u00f1onera de dise\u00f1o rectangular fabricada en poli\u00e9ster RPET 600D. Cuenta con un bolsillo central cierre de cremallera, con doble tirador,<\/p>","protected":false},"featured_media":76580,"comment_status":"open","ping_status":"open","template":"","meta":{"inline_featured_image":false},"product_brand":[],"product_cat":[122,94],"product_tag":[],"class_list":{"0":"post-45016","1":"product","2":"type-product","3":"status-publish","4":"has-post-thumbnail","6":"product_cat-articulos-sostenibles","7":"product_cat-mochilas","9":"first","10":"instock","11":"taxable","12":"shipping-taxable","13":"purchasable","14":"product-type-variable","15":"has-default-attributes"},"aioseo_notices":[],"_links":{"self":[{"href":"https:\/\/imprimeideas.es\/en\/wp-json\/wp\/v2\/product\/45016","targetHints":{"allow":["GET"]}}],"collection":[{"href":"https:\/\/imprimeideas.es\/en\/wp-json\/wp\/v2\/product"}],"about":[{"href":"https:\/\/imprimeideas.es\/en\/wp-json\/wp\/v2\/types\/product"}],"replies":[{"embeddable":true,"href":"https:\/\/imprimeideas.es\/en\/wp-json\/wp\/v2\/comments?post=45016"}],"version-history":[{"count":1,"href":"https:\/\/imprimeideas.es\/en\/wp-json\/wp\/v2\/product\/45016\/revisions"}],"predecessor-version":[{"id":55643,"href":"https:\/\/imprimeideas.es\/en\/wp-json\/wp\/v2\/product\/45016\/revisions\/55643"}],"wp:featuredmedia":[{"embeddable":true,"href":"https:\/\/imprimeideas.es\/en\/wp-json\/wp\/v2\/media\/76580"}],"wp:attachment":[{"href":"https:\/\/imprimeideas.es\/en\/wp-json\/wp\/v2\/media?parent=45016"}],"wp:term":[{"taxonomy":"product_brand","embeddable":true,"href":"https:\/\/imprimeideas.es\/en\/wp-json\/wp\/v2\/product_brand?post=45016"},{"taxonomy":"product_cat","embeddable":true,"href":"https:\/\/imprimeideas.es\/en\/wp-json\/wp\/v2\/product_cat?post=45016"},{"taxonomy":"product_tag","embeddable":true,"href":"https:\/\/imprimeideas.es\/en\/wp-json\/wp\/v2\/product_tag?post=45016"}],"curies":[{"name":"wp","href":"https:\/\/api.w.org\/{rel}","templated":true}]}}